{"id":27,"date":"2016-02-04T18:30:11","date_gmt":"2016-02-04T17:30:11","guid":{"rendered":"https:\/\/hbveletrh.wordpress.com\/?page_id=27"},"modified":"2023-08-25T12:08:58","modified_gmt":"2023-08-25T10:08:58","slug":"historie-a-ohlasy","status":"publish","type":"page","link":"https:\/\/www.hejkal.cz\/veletrh\/about\/historie-a-ohlasy\/","title":{"rendered":"Historie a ohlasy"},"content":{"rendered":"<p>Podzimn\u00ed kni\u017en\u00ed trh se v Havl\u00ed\u010dkov\u011b Brod\u011b kon\u00e1 od roku 1991. Jeho prvotn\u00edm c\u00edlem bylo zprost\u0159edkov\u00e1n\u00ed kontakt\u016f mezi nov\u011b vznikaj\u00edc\u00edmi nakladateli a knihkupci a odborn\u00e9 kontakty a kontrakty jsou dodnes d\u016fle\u017eitou sou\u010d\u00e1st\u00ed trhu. Druh\u00fdm d\u016fle\u017eit\u00fdm momentem je velk\u00e1 \u00fa\u010dast mal\u00fdch, za\u010d\u00ednaj\u00edc\u00edch a exkluzivn\u011bji zam\u011b\u0159en\u00fdch nakladatel\u016f, d\u00edky n\u00ed\u017e se Podzimn\u00ed kni\u017en\u00ed trh stal nej\u0161ir\u0161\u00ed p\u0159ehl\u00eddkou sou\u010dasn\u00e9 \u010desk\u00e9 kni\u017en\u00ed produkce.<\/p>\n<p>V pr\u016fb\u011bhu let se k Podzimn\u00edmu kni\u017en\u00edmu trhu p\u0159idru\u017eilo mnoho doprovodn\u00fdch program\u016f, po\u0159\u00e1dan\u00fdch kulturn\u00edmi institucemi jak z Havl\u00ed\u010dkova Brodu (liter\u00e1rn\u00ed konference a sout\u011b\u017ee Krajsk\u00e9 knihovny Vyso\u010diny, v\u00fdstava Sou\u010dasn\u00e1 \u010desk\u00e1 ilustra\u010dn\u00ed tvorba v Galerii v\u00fdtvarn\u00e9ho um\u011bn\u00ed, v\u00fdstavy a semin\u00e1\u0159e v Muzeu Vyso\u010diny Havl\u00ed\u010dk\u016fv Brod), tak celost\u00e1tn\u00edho v\u00fdznamu (\u010cesk\u00e9 centrum PEN klubu, nadace \u010cesk\u00fd liter\u00e1rn\u00ed fond, Obec p\u0159ekladatel\u016f, \u010cesk\u00e1 astronomick\u00e1 spole\u010dnost aj.). Sou\u010d\u00e1st\u00ed Podzimn\u00edho kni\u017en\u00edho trhu je od roku 2000 velk\u00e9 mno\u017estv\u00ed autogrami\u00e1d a autorsk\u00fdch \u010dten\u00ed \u0159ady v\u00fdznamn\u00fdch \u010desk\u00fdch spisovatel\u016f (Ludv\u00edk Vacul\u00edk, Michal Viewegh, Emil Hakl, Milo\u0161 Urban, Ji\u0159\u00ed Str\u00e1nsk\u00fd, Irena Obermannov\u00e1 a mnoho dal\u0161\u00edch).<\/p>\n<p>Ve sv\u00fdch po\u010d\u00e1tc\u00edch (je\u0161t\u011b za \u010ceskoslovenska) se Podzimn\u00edho kni\u017en\u00edho trhu \u00fa\u010dastnili i sloven\u0161t\u00ed nakladatel\u00e9, nyn\u00ed se ze zahrani\u010d\u00ed \u00fa\u010dastn\u00ed jedin\u00e9, by\u0165 velmi v\u00fdznamn\u00e9 slovensk\u00e9 nakladatelstv\u00ed L.C.A., a tak\u00e9 velvyslanectv\u00ed a kulturn\u00ed instituty n\u011bkter\u00fdch zem\u00ed (Finsko, Chorvatsko, It\u00e1lie, Rakousko&#8230;). Podzimn\u00ed kni\u017en\u00ed trh je p\u0159esto p\u0159edev\u0161\u00edm n\u00e1rodn\u00edm, \u010desk\u00fdm kni\u017en\u00edm veletrhem.<\/p>\n<p>Odborn\u00edci dnes oce\u0148uj\u00ed Podzimn\u00ed kni\u017en\u00ed trh jako m\u00edsto, kde je mo\u017en\u00e9 potkat na mal\u00e9 plo\u0161e a v kr\u00e1tk\u00e9m \u010dasov\u00e9m \u00faseku v\u0161echny d\u016fle\u017eit\u00e9 lidi ze sv\u011bta \u010desk\u00e9ho kni\u017en\u00edho obchodu &#8211; spisovatele, ilustr\u00e1tory, p\u0159ekladatele, novin\u00e1\u0159e, nakladatele, knihkupce a knihovn\u00edky &#8211; a nav\u00e1zat s nimi spolupr\u00e1ci. N\u00e1v\u0161t\u011bvn\u00edci oce\u0148uj\u00ed mno\u017estv\u00ed doprovodn\u00fdch program\u016f a p\u0159\u00e1telskou a inspirativn\u00ed atmosf\u00e9ru sv\u00e1tku knihy.<\/p>\n<h3>Ohlasy v m\u00e9di\u00edch<\/h3>\n<p>Cokoliv chcete v\u011bd\u011bt o veletrhu&#8230; najdete na serveru <a href=\"http:\/\/www.regionvysocina.cz\/kultura\/knizni-veletrh\/\">Region Vyso\u010dina<\/a>.<\/p>\n<ul>\n<li>Havl\u00ed\u010dkobrodsk\u00fd sv\u00e1tek knih m\u00e1 v republikov\u00fdch akc\u00edch sv\u00e9 st\u00e1l\u00e9 m\u00edsto. V\u00ed to \u010dten\u00e1\u0159i, knihkupci, spisovatel\u00e9 i nakladatel\u00e9. A tak ka\u017ed\u00fdm rokem na podzim vyr\u00e1\u017eej\u00ed na Vyso\u010dinu, aby se do prostoru kulturn\u00edho domu vm\u00e1\u010dkli se sv\u00fdmi knihami a vytvo\u0159ili p\u0159ehl\u00eddku d\u011bl, autogrami\u00e1d, \u010dten\u00ed, p\u0159edn\u00e1\u0161ek, prost\u011b mumraj lid\u00ed, jejich\u017e z\u00e1jmem jsou p\u0159\u00edb\u011bhy, fakta, \u010di jinak p\u00edsemn\u00e9 vn\u00edm\u00e1n\u00ed sv\u011bta, kter\u00e9 bylo ji\u017e p\u0159ed dobou Gutenberga.<br \/>\n<em>(Petr Klukan, Jihlavsk\u00e9 listy 18. 10. 2016, <a href=\"http:\/\/www.jihlavske-listy.cz\/clanek21036-knizni-veletrh-skoncil-blizi-se-ten-pristi.html\">Jihlavsk\u00e9 listy)<\/a><\/em><\/li>\n<li>Raz\u00edtko \u201epra\u017esk\u00e1 kav\u00e1rna\u201c se potuluje \u010desk\u00fdm ve\u0159ejn\u00fdm prostorem v\u011bt\u0161inou neadresn\u011b, a\u00a0\u017ee by jej dostal n\u011bkdo rovnou na\u00a0\u010delo, se p\u0159ihod\u00ed sp\u00ed\u0161 v\u00fdjime\u010dn\u011b. Mark\u00e9t\u011b Hejkalov\u00e9 se to ov\u0161em minul\u00fd t\u00fdden stalo, ani\u017e by to jakkoli \u010dekala. (&#8230;)Letos m\u011bl jej\u00ed podzimn\u00ed kni\u017en\u00ed veletrh rekordn\u00ed n\u00e1v\u0161t\u011bvnost. Mo\u017en\u00e1 i\u00a0v\u00a0p\u0159edtu\u0161e d\u016fle\u017eitosti cel\u00e9 akce se kr\u00e1tce p\u0159ed za\u010d\u00e1tkem ohl\u00e1sil vyso\u010dinsk\u00fd sen\u00e1tor Jan Veleba ze Strany pr\u00e1v ob\u010dan\u016f, n\u011bkdej\u0161\u00edch Zemanovc\u016f, a\u00a0jako velmi d\u016fle\u017eit\u00e1 osoba po\u017eadoval volnou vstupenku. Dostal ji, v\u00edc se mu v\u0161ak Mark\u00e9ta Hejkalov\u00e1 a\u00a0jej\u00ed man\u017eel nev\u011bnovali. Nebyl \u010das ani d\u016fvod. Sen\u00e1tor ov\u0161em v\u011bt\u0161\u00ed p\u00e9\u010di \u010dekal a\u00a0lhostejnost ke\u00a0sv\u00e9 p\u0159\u00edtomnosti na\u00a0veletrhu bral jako politicky motivovan\u00fd \u00fatok. Roz\u010dilen\u011b pak ohl\u00e1sil v\u00a0m\u00e9di\u00edch, \u017ee \u201edosah \u201apra\u017esk\u00e9 kav\u00e1rny\u2018 a\u00a0sp\u0159\u00e1telen\u00fdch kamar\u00e1d\u016f (t\u0159eba Ztohoven) p\u0159ekro\u010dil hranice hlavn\u00edho m\u011bsta\u201c.<br \/>\n<i>(Marek \u0160vehla, Po stop\u00e1ch pra\u017esk\u00e9 kav\u00e1rny, Respekt 18. 10. 2015)<\/i><\/li>\n<li><b>Podzimn\u00ed kni\u017en\u00ed veletrh\u00a0<\/b>je v\u00fdstavn\u00ed a prodejn\u00ed akce zam\u011b\u0159en\u00e1 p\u0159edev\u0161\u00edm na\u00a0<a href=\"https:\/\/cs.wikipedia.org\/wiki\/Kniha\">knihy<\/a>, ale i\u00a0<a href=\"https:\/\/cs.wikipedia.org\/wiki\/Mapa\">mapy<\/a><b>\u00a0<\/b>a podobn\u00e9 publikace. Kon\u00e1 se pravideln\u011b jednou ro\u010dn\u011b v \u0159\u00edjnu v\u00a0<a href=\"https:\/\/cs.wikipedia.org\/wiki\/Havl%C3%AD%C4%8Dk%C5%AFv_Brod\">Havl\u00ed\u010dkov\u011b Brodu<\/a>. Pravideln\u011b se jej \u00fa\u010dastn\u00ed p\u0159es 160 vystavovatel\u016f a nav\u0161t\u00edv\u00ed jej p\u0159es 15\u00a0000 osob. Jde o nejstar\u0161\u00ed \u010desk\u00fd\u00a0<a href=\"https:\/\/cs.wikipedia.org\/wiki\/Kni%C5%BEn%C3%AD_veletrh\">kni\u017en\u00ed veletrh<\/a><b>\u00a0<\/b>a rozsahem druh\u00fd nejv\u011bt\u0161\u00ed. <i><br \/>\n<\/i><em>(Wikipedia, <a href=\"https:\/\/cs.wikipedia.org\/wiki\/Podzimn%C3%AD_kni%C5%BEn%C3%AD_veletrh\">https:\/\/cs.wikipedia.org\/wiki\/Podzimn\u00ed_kni\u017en\u00ed_veletrh<\/a>.)<\/em><b><\/b><\/li>\n<li>Proj\u00edt v\u0161echny st\u00e1nky nakladatel\u016f a dal\u0161\u00edch kulturn\u00edch instituc\u00ed, spojen\u00fdch s knihou, se n\u00e1v\u0161t\u011bvn\u00edkovi Podzimn\u00edho kni\u017en\u00edho veletrhu v havl\u00ed\u010dkobrodsk\u00e9m Kulturn\u00edm dom\u011b Ostrov je\u0161t\u011b m\u016f\u017ee poda\u0159it. Nakonec, jsou na to ka\u017edoro\u010dn\u011b dva dny. Co v\u0161ak nen\u00ed mo\u017en\u00e9, je vyjmenovat pot\u00e9 v\u0161echny zaj\u00edmav\u00e9 knihy, s nimi\u017e se zde setkal. Nem\u00e1lo \u010dasu uplyne tak\u00e9 na r\u016fzn\u00fdch akc\u00edch liter\u00e1rn\u00edho programu.<br \/>\n<em>(\u010cesk\u00fd rozhlas, 4. 11. 2013, Alena Bla\u017eejovsk\u00e1, <\/em><a href=\"http:\/\/www.rozhlas.cz\/brno\/zelnyrynk\/_zprava\/reportaz-23-podzimni-knizni-veletrh-v-havlickove-brode--1276851\"><em>zdroj<\/em><\/a>)<\/li>\n<li>Kulturn\u00ed d\u016fm Ostrov v Havl\u00ed\u010dkov\u011b Brod\u011b byl v p\u00e1tek a v sobotu st\u00e1le pln\u00fd lid\u00ed. Kulat\u00e9 v\u00fdro\u010d\u00ed Podzimn\u00edho kni\u017en\u00edho veletrhu oslavili po\u0159adatel\u00e9 neb\u00fdvale bohat\u00fdm doprovodn\u00fdm programem a n\u00e1v\u0161t\u011bvn\u00edci t\u00edm, \u017ee jich p\u0159i\u0161lo \u0161estn\u00e1ct tis\u00edc. Narozeniny druh\u00e9 nejv\u011bt\u0161\u00ed p\u0159ehl\u00eddky knih v \u010cesku p\u0159ijely oslavit des\u00edtky zn\u00e1m\u00fdch osobnost\u00ed, jako t\u0159eba Michal Viewegh, Ji\u0159\u00ed Str\u00e1nsk\u00fd, Ivan Kl\u00edma, Ludv\u00edk Vacul\u00edk, J\u00e1chym Topol, Tomio Okamura, ale i Tom\u00e1\u0161 Hal\u00edk \u010di prezident V\u00e1clav Klaus.<br \/>\n<em>(MF DNES 25. 10. 2010, <\/em><a href=\"http:\/\/jihlava.idnes.cz\/vyrocni-knizni-veletrh-prilakal-nejvic-lidi-za-20-let-prislo-jich-sestnact-tisic-g0i-\/jihlava-zpravy.asp?c=A101025_1472172_jihlava-zpravy_dmk\"><em>zdroj<\/em><\/a>)<\/li>\n<li>Devaten\u00e1ct\u00fd ro\u010dn\u00edk Podzimn\u00edho kni\u017en\u00edho veletrhu v Havl\u00ed\u010dkov\u011b Brod\u011b p\u0159il\u00e1kal patn\u00e1ct tis\u00edc n\u00e1v\u0161t\u011bvn\u00edk\u016f. Na Vyso\u010dinu p\u0159ijel nap\u0159\u00edklad spisovatel Michal Viewegh, Ji\u0159\u00ed Str\u00e1nsk\u00fd \u010di Ludv\u00edk Vacul\u00edk. Havl\u00ed\u010dkobrodsk\u00fd kni\u017en\u00ed trh je druh\u00fdm nejv\u011bt\u0161\u00edm v \u010cesku \u2013 po pra\u017esk\u00e9m Sv\u011btu knihy.<br \/>\n<i>(MF DNES, Z domova, 12. \u0159\u00edjna 2009)<\/i><\/li>\n<li>Kni\u017en\u00ed veletrh byl i p\u0159es nedostatek m\u00edsta d\u016fstojn\u00fd. V tom p\u0159epln\u011bn\u00e9m kultur\u00e1ku bujela p\u00edsmenka a moudrost a kr\u00e1sn\u00e9 a chytr\u00e9 kn\u00ed\u017eky, a i kdy\u017e do toho t\u0159\u00edskaly z\u00e1chodov\u00e9 dve\u0159e, dok\u00e1zal veletrh v Havl\u00ed\u010dkov\u011b Brod\u011b, \u017ee je d\u016fstojn\u00fdm m\u00edstem pro literaturu.<br \/>\n<i>(Kl\u00e1ra Kub\u00ed\u010dkov\u00e1, MF Dnes \u2013 Kultura, 13. \u0159\u00edjna 2008)<\/i><\/li>\n<li>Od pra\u017esk\u00e9ho nebo brn\u011bnsk\u00e9ho veletrhu se tento li\u0161\u00ed nat\u011bsn\u00e1n\u00edm v\u0161eho, co\u017e p\u016fsob\u00ed, \u017ee je tu citeln\u011b v\u00edce z\u00e1kazn\u00edk\u016f ne\u017e obchodn\u00edk\u016f. Mnoz\u00ed berou kn\u00ed\u017eky do rukou a listuj\u00ed si v nich nebo \u010dtou, co\u017e se s jin\u00fdm tovarem v obchod\u011b ned\u011bl\u00e1, krom\u011b klobouk\u016f.<br \/>\nTakov\u00fdto veletrh se li\u0161\u00ed od trhu t\u0159eba se sportovn\u00edmi pot\u0159ebami i t\u00edm, \u017ee sem jdou lid\u00e9, kte\u0159\u00ed nic nepot\u0159ebuj\u00ed. Spole\u010densk\u00e1 atmosf\u00e9ra povzn\u00e1\u0161\u00ed \u010dlov\u011bka nad v\u0161ednost. Je tu ov\u0161em i kvalifikovan\u00e9 obecenstvo, kter\u00e9 si d\u00e1v\u00e1 od autor\u016f podepsat kn\u00ed\u017eky z doby, kdy je je\u0161t\u011b kupovalo. &#8211; Vid\u00edm shora, \u017ee p\u00e1n mou knihu po dlouh\u00e9m prohl\u00ed\u017een\u00ed odlo\u017eil. Ale zaj\u00edmala ho velice!<br \/>\nProch\u00e1z\u00edm tudy skoro s utrpen\u00edm: U\u017e \u017e\u00e1dnou dal\u0161\u00ed knihu, umi\u0148uju si. Ale tady p\u0159ijdete ke knize jako k bacilu, kter\u00fd jste tak\u00e9 necht\u011bli. Sama a zdarma vklouzla mi do ruky kniha Franti\u0161ka L\u00edzny o jeho pouti do Compostely, kterou jsme \u010detli na pokra\u010dov\u00e1n\u00ed v Akordu. \u201eD\u00edky,\u201c prav\u00edm, \u201ea v Broumov\u011b jste u\u017e byl?\u201c &#8211; \u201eNebyl, kde to je?\u201c Ale chci n\u011bco koupit pan\u00ed Vacul\u00edkov\u00e9: vzpom\u00ednky na Jana Zrzav\u00e9ho, s p\u011bkn\u00fdma obr\u00e1zkama. Kdy\u017e s t\u00edm za n\u00ed p\u0159ijdu, pozn\u00e1v\u00e1m z jej\u00edch rukou, \u017ee u\u017e narazila na Ji\u0159\u00edho Str\u00e1nsk\u00e9ho. U st\u00e1nku Velryby jsem nabyl jednoho se\u0161itu Kouzeln\u00e9ho zrcadla literatury od Jaroslava Bla\u017ekeho: Od Gilgame\u0161e k Harlek\u00fdnovi. Mnoho obr\u00e1zk\u016f. Nev\u011bd\u011bl jsem, \u017ee Klostermann psal tak\u00e9 n\u011bmecky: jeho prvotina \u010crty ze \u0160umavy vy\u0161la \u010desky a\u017e po \u010dty\u0159iceti letech. To si koup\u00edm, to je tenk\u00e9. Ano, takov\u00fd veletrh je i sch\u016fzkou autor\u016f \u017eiv\u00fdch i mrtv\u00fdch, kte\u0159\u00ed si to nedomluvili, ale jako by ano. <i><span lang=\"cs\">(<\/span>Ludv\u00edk Vacul\u00edk, Lidov\u00e9 noviny \u00fater\u00fd 17. \u0159\u00edjna 2006, Posledn\u00ed slovo)<\/i><\/li>\n<li>M\u00edstn\u00ed vzali veletrh za sv\u016fj. Te\u010f se na n\u011bj sj\u00ed\u017ed\u011bj\u00ed tis\u00edce \u010dten\u00e1\u0159\u016f, nakladatel\u00e9, spisovatel\u00e9, v\u017edy\u0165 mimo pra\u017esk\u00fd Sv\u011bt knihy nem\u00e1 havl\u00ed\u010dkobrodsk\u00e1 kni\u017en\u00ed p\u0159ehl\u00eddka v \u010cech\u00e1ch obdoby. Zdej\u0161\u00ed podzimn\u00ed setk\u00e1n\u00ed z\u00edskalo v\u00fdbornou pov\u011bst m\u00edsta, kde sp\u00ed\u0161 ne\u017e o \u0161um a m\u00f3dy liter\u00e1rn\u00edho provozu jde o kn\u00ed\u017eky a literaturu. A kde se tak\u00e9 da\u0159\u00ed obchodu. (&#8230;) V p\u00e1tek a sobotu proud\u00ed kulturn\u00edm domem Ostrov davy lid\u00ed. Nejsou to zdaleka jenom intelektu\u00e1lov\u00e9, jak by odpov\u00eddalo nab\u00edzen\u00e9 produkci, ale i rodiny s d\u011btmi, \u0161koln\u00ed t\u0159\u00eddy, venkovan\u00e9. Vypad\u00e1 to, \u017ee koupit na veletrhu n\u011bjak\u00e9 to poti\u0161t\u011bn\u00e9 zbo\u017e\u00ed pat\u0159\u00ed k dobr\u00fdm mrav\u016fm.<br \/>\n<i>(J\u00e1chym Topol, Respekt, ro\u010dn\u00edk 16, \u010d\u00edslo 42, 17. &#8211; 23. 10. 2005, s. 21)<\/i><\/li>\n<li>S obrovsk\u00fdm z\u00e1jmem se letos setkala nejv\u011bt\u0161\u00ed kni\u017en\u00ed a liter\u00e1rn\u00ed p\u0159ehl\u00eddka v Havl\u00ed\u010dkov\u011b Brod\u011b Podzimn\u00ed kni\u017en\u00ed trh. Nav\u0161t\u00edvilo ji celkem deset tis\u00edc lid\u00ed. Ti si vyb\u00edrali ze zhruba osmi tis\u00edc kni\u017en\u00edch titul\u016f a 124 kni\u017en\u00edch novinek. Krom\u011b 165 nakladatelstv\u00ed p\u0159ehl\u00eddku nav\u0161t\u00edvilo mnoho liter\u00e1t\u016f. P\u0159ijel spisovatel Ji\u0159\u00ed \u017d\u00e1\u010dek, Michal Viewegh, Zden\u011bk Sv\u011br\u00e1k a Jaroslav Uhl\u00ed\u0159, dokumentarista Jan \u0160p\u00e1ta nebo brat\u0159i Reynkovi. Presti\u017e kni\u017en\u00edho veletrhu st\u00e1le stoup\u00e1.<br \/>\n<i>(Petra \u010cerno, MF DNES, 18. 10. 2004)<\/i><\/li>\n<li>Havl\u00ed\u010dk\u016fv Brod za\u017eil o v\u00edkendu kni\u017en\u00ed hody. Havl\u00ed\u010dkobrodsk\u00fd kni\u017en\u00ed trh sice nem\u00e1 mezin\u00e1rodn\u00ed ambice jako pra\u017esk\u00e1 jarn\u00ed p\u0159ehl\u00eddka Sv\u011bt knihy, vydobyl si v\u0161ak v \u010desk\u00e9m kulturn\u00edm provozu v\u00fdznamn\u00e9 m\u00edsto. Nakladatel\u00e9 zde p\u0159edstavuj\u00ed nej\u010derstv\u011bj\u0161\u00ed novinky, spisovatel\u00e9 tu dr\u017e\u00ed autorsk\u00e1 \u010dten\u00ed a podepisuj\u00ed sv\u00e9 kn\u00ed\u017eky, kupuj\u00edc\u00ed mohou u leckter\u00e9ho st\u00e1nku vyu\u017e\u00edt v\u00fdrazn\u00fdch slev. Kulturn\u00ed d\u016fm Ostrov pojal do sv\u00fdch s\u00e1l\u016f prakticky celou \u010deskou produkci tohoto roku od knih d\u011btsk\u00fdch p\u0159es beletrii a\u017e po odbornou literaturu.<br \/>\n<i>(Jarom\u00edr Slomek, Lidov\u00e9 noviny, 27. \u0159\u00edjna 2003)<\/i><\/li>\n<li>Lid\u00e9 p\u0159i\u0161li, prodej byl dobr\u00fd. Nastal obrat? Podzimn\u00ed kni\u017en\u00ed trh v Havl\u00ed\u010dkov\u011b Brod\u011b potvrdil svou pov\u011bst p\u0159\u00edjemn\u00e9 akce, kterou m\u011bsto \u017eije. (&#8230;) Od ji\u017e tradi\u010dn\u00edho havl\u00ed\u010dkobrodsk\u00e9ho Podzimn\u00edho kni\u017en\u00edho trhu, jeho\u017e leto\u0161n\u00ed ro\u010dn\u00edk prob\u011bhl v p\u00e1tek a v sobotu, se tentokr\u00e1t \u010dekala odpov\u011b\u010f na ot\u00e1zku: Nastane t\u0159eba pr\u00e1v\u011b tady k\u00fd\u017een\u00fd obchodn\u00ed obrat, na kter\u00fd \u010dek\u00e1 tuzemsk\u00e1 kni\u017en\u00ed bran\u017ee po propadu, na n\u011bm\u017e sv\u016fj pod\u00edl maj\u00ed i srpnov\u00e9 povodn\u011b? (&#8230;) V kni\u017en\u00ed bran\u017ei si havl\u00ed\u010dkobrodsk\u00e9 podzimn\u00ed setk\u00e1n\u00ed z\u00edskalo dobrou pov\u011bst, nebo\u0165 p\u0159i n\u011bm vl\u00e1dne nehektick\u00e1 p\u0159\u00edjemn\u00e1 atmosf\u00e9ra &#8211; v\u00edc ne\u017e o &#8222;\u0161um&#8220; jde opravdu o knihy a literaturu.<br \/>\n<i>(Ilona Muselov\u00e1, Josef Chuchma, MF DNES, 21. \u0159\u00edjna 2002)<\/i><\/li>\n<\/ul>\n","protected":false},"excerpt":{"rendered":"<p>Podzimn\u00ed kni\u017en\u00ed trh se v Havl\u00ed\u010dkov\u011b Brod\u011b kon\u00e1 od roku 1991. Jeho prvotn\u00edm c\u00edlem bylo zprost\u0159edkov\u00e1n\u00ed kontakt\u016f mezi nov\u011b vznikaj\u00edc\u00edmi nakladateli a knihkupci a odborn\u00e9 kontakty a kontrakty jsou dodnes d\u016fle\u017eitou sou\u010d\u00e1st\u00ed trhu. Druh\u00fdm d\u016fle\u017eit\u00fdm momentem je velk\u00e1 \u00fa\u010dast mal\u00fdch, za\u010d\u00ednaj\u00edc\u00edch a exkluzivn\u011bji zam\u011b\u0159en\u00fdch nakladatel\u016f, d\u00edky n\u00ed\u017e se Podzimn\u00ed kni\u017en\u00ed trh stal nej\u0161ir\u0161\u00ed p\u0159ehl\u00eddkou sou\u010dasn\u00e9 &hellip; <a href=\"https:\/\/www.hejkal.cz\/veletrh\/about\/historie-a-ohlasy\/\" class=\"more-link\">Pokra\u010dov\u00e1n\u00ed textu <span class=\"screen-reader-text\">Historie a ohlasy<\/span><\/a><\/p>\n","protected":false},"author":3,"featured_media":0,"parent":5,"menu_order":0,"comment_status":"closed","ping_status":"closed","template":"","meta":[],"_links":{"self":[{"href":"https:\/\/www.hejkal.cz\/veletrh\/wp-json\/wp\/v2\/pages\/27"}],"collection":[{"href":"https:\/\/www.hejkal.cz\/veletrh\/wp-json\/wp\/v2\/pages"}],"about":[{"href":"https:\/\/www.hejkal.cz\/veletrh\/wp-json\/wp\/v2\/types\/page"}],"author":[{"embeddable":true,"href":"https:\/\/www.hejkal.cz\/veletrh\/wp-json\/wp\/v2\/users\/3"}],"replies":[{"embeddable":true,"href":"https:\/\/www.hejkal.cz\/veletrh\/wp-json\/wp\/v2\/comments?post=27"}],"version-history":[{"count":12,"href":"https:\/\/www.hejkal.cz\/veletrh\/wp-json\/wp\/v2\/pages\/27\/revisions"}],"predecessor-version":[{"id":1007,"href":"https:\/\/www.hejkal.cz\/veletrh\/wp-json\/wp\/v2\/pages\/27\/revisions\/1007"}],"up":[{"embeddable":true,"href":"https:\/\/www.hejkal.cz\/veletrh\/wp-json\/wp\/v2\/pages\/5"}],"wp:attachment":[{"href":"https:\/\/www.hejkal.cz\/veletrh\/wp-json\/wp\/v2\/media?parent=27"}],"curies":[{"name":"wp","href":"https:\/\/api.w.org\/{rel}","templated":true}]}}