{"id":5,"date":"2023-03-09T11:59:08","date_gmt":"2023-03-09T10:59:08","guid":{"rendered":"http:\/\/hbveletrh.wordpress.com\/?page_id=1"},"modified":"2025-04-16T10:00:39","modified_gmt":"2025-04-16T08:00:39","slug":"about","status":"publish","type":"page","link":"http:\/\/www.hejkal.cz\/veletrh\/about\/","title":{"rendered":"O veletrhu"},"content":{"rendered":"\n<p>Podzimn\u00ed kni\u017en\u00ed veletrh v Havl\u00ed\u010dkov\u011b Brod\u011b se kon\u00e1 od roku 1991&nbsp;a je to nejstar\u0161\u00ed, druh\u00fd nejv\u011bt\u0161\u00ed a podle n\u00e1zoru mnoha vystavovatel\u016f i nejmilej\u0161\u00ed \u010desk\u00fd kni\u017en\u00ed veletrh. Jedinou v\u00fdjimkou byl rok 2020, kdy se jubilejn\u00ed 30. ro\u010dn\u00edk veletrhu nemohl konat, m\u00edsto n\u011bj vy\u0161la pouze kniha Zem\u011b skryt\u00fdch \u00fasm\u011bv\u016f s 33 pov\u00eddkami nejen \u010desk\u00fdch spisovatel\u016f, kte\u0159\u00ed se veletrhu v r\u016fzn\u00fdch letech z\u00fa\u010dastnili.<\/p>\n\n\n\n<p><strong>35. Podzimn\u00ed kni\u017en\u00ed veletrh se bude konat 10. a 11. \u0159\u00edjna 2025 <\/strong>v Kulturn\u00edm dom\u011b Ostrov\u00a0a v Krajsk\u00e9 knihovn\u011b Vyso\u010diny\u00a0<strong>v Havl\u00ed\u010dkov\u011b Brod\u011b. <\/strong>Jeho motto zn\u00ed <strong>Boj s v\u011btrn\u00fdmi ml\u00fdny<\/strong>. <\/p>\n\n\n","protected":false},"excerpt":{"rendered":"<p>Podzimn\u00ed kni\u017en\u00ed veletrh v Havl\u00ed\u010dkov\u011b Brod\u011b se kon\u00e1 od roku 1991&nbsp;a je to nejstar\u0161\u00ed, druh\u00fd nejv\u011bt\u0161\u00ed a podle n\u00e1zoru mnoha vystavovatel\u016f i nejmilej\u0161\u00ed \u010desk\u00fd kni\u017en\u00ed veletrh. Jedinou v\u00fdjimkou byl rok 2020, kdy se jubilejn\u00ed 30. ro\u010dn\u00edk veletrhu nemohl konat, m\u00edsto n\u011bj vy\u0161la pouze kniha Zem\u011b skryt\u00fdch \u00fasm\u011bv\u016f s 33 pov\u00eddkami nejen \u010desk\u00fdch spisovatel\u016f, kte\u0159\u00ed se &hellip; <a href=\"http:\/\/www.hejkal.cz\/veletrh\/about\/\" class=\"more-link\">Pokra\u010dov\u00e1n\u00ed textu <span class=\"screen-reader-text\">O veletrhu<\/span><\/a><\/p>\n","protected":false},"author":3,"featured_media":0,"parent":0,"menu_order":0,"comment_status":"open","ping_status":"closed","template":"","meta":[],"_links":{"self":[{"href":"http:\/\/www.hejkal.cz\/veletrh\/wp-json\/wp\/v2\/pages\/5"}],"collection":[{"href":"http:\/\/www.hejkal.cz\/veletrh\/wp-json\/wp\/v2\/pages"}],"about":[{"href":"http:\/\/www.hejkal.cz\/veletrh\/wp-json\/wp\/v2\/types\/page"}],"author":[{"embeddable":true,"href":"http:\/\/www.hejkal.cz\/veletrh\/wp-json\/wp\/v2\/users\/3"}],"replies":[{"embeddable":true,"href":"http:\/\/www.hejkal.cz\/veletrh\/wp-json\/wp\/v2\/comments?post=5"}],"version-history":[{"count":42,"href":"http:\/\/www.hejkal.cz\/veletrh\/wp-json\/wp\/v2\/pages\/5\/revisions"}],"predecessor-version":[{"id":2725,"href":"http:\/\/www.hejkal.cz\/veletrh\/wp-json\/wp\/v2\/pages\/5\/revisions\/2725"}],"wp:attachment":[{"href":"http:\/\/www.hejkal.cz\/veletrh\/wp-json\/wp\/v2\/media?parent=5"}],"curies":[{"name":"wp","href":"https:\/\/api.w.org\/{rel}","templated":true}]}}