{"id":437,"date":"2023-08-25T10:51:37","date_gmt":"2023-08-25T08:51:37","guid":{"rendered":"http:\/\/veletrh.hejkal.cz\/?page_id=437"},"modified":"2025-10-09T13:09:29","modified_gmt":"2025-10-09T11:09:29","slug":"programy-podle-mistnosti","status":"publish","type":"page","link":"http:\/\/www.hejkal.cz\/veletrh\/doprovodny-program\/programy-podle-mistnosti\/","title":{"rendered":"Programy podle m\u00edstnost\u00ed"},"content":{"rendered":"<p><strong>Program 35. Podzimn\u00edho kni\u017en\u00edho veletrhu <\/strong><strong>a liter\u00e1rn\u00edho festivalu m\u011bsta Kni\u017en\u00ed Havl\u00ed\u010dk\u016fv Brod<\/strong><\/p>\n<p><strong><span style=\"color: #ff0000;\">Program<\/span> <span style=\"color: #ff0000;\">v<\/span> <span style=\"color: #ff0000;\">salonku<\/span> <span style=\"color: #ff0000;\">1<\/span><\/strong><\/p>\n<p><strong>P\u00e1tek 10. \u0159\u00edjna<\/strong><\/p>\n<p>10:00 Jak se \u017eije v Mongolsku? Beseda <strong>Danky \u0160\u00e1rkov\u00e9<\/strong> nejen ke knize Rok zmatk\u016f.\u00a0Po\u0159\u00e1d\u00e1 nakladatelstv\u00ed Anahita.<\/p>\n<p>10:45 Ortenova cena 2025. \u010cten\u00ed t\u0159\u00ed nominovan\u00fdch. <strong>Sufian Massalema<\/strong>: Mo\u017enosti p\u0159ehl\u00ed\u017een\u00e9ho, <strong>Lubom\u00edr Tich\u00fd<\/strong>: M\u00edstn\u00ed a <strong>Apolena Vyb\u00edralov\u00e1<\/strong>: Vzteklina. Po\u0159\u00e1d\u00e1 S\u010cKN.<\/p>\n<p>12:15 <strong>Lucie Tu\u010dkov\u00e1<\/strong>: Pozv\u00e1n\u00ed do Petrkova. Po\u0159\u00e1d\u00e1 \u010cesko-francouzsk\u00e9 kulturn\u00ed centrum Petrkov\/PNP.<\/p>\n<p>13:00 <strong>Marek Havl\u00edk<\/strong>: \u010cern\u00e1 bou\u0159e. Strhuj\u00edc\u00ed thriller p\u0159edstav\u00ed Mystery Press v salonku 1.<\/p>\n<p>13:45 <strong>Bo\u0159ek \u0160indler<\/strong>: Obr\u00e1zky ze star\u00e9 \u010desk\u00e9 Sydney. Novou knihu uv\u00e1d\u00ed nakladatelstv\u00ed Nemohujinak.cz.<\/p>\n<p>14:30 <strong>Elina Grundstr\u00f6m<\/strong>: Ukrajinsk\u00e1 \u010dernozem. Nakladatelstv\u00ed SPHERA, p\u0159ekladatel <strong>Vladim\u00edr<\/strong> <strong>Pisko\u0159<\/strong> a <strong>Mark\u00e9ta Hejkalov\u00e1<\/strong> pok\u0159t\u00ed strhuj\u00edc\u00ed knihu faktu.<\/p>\n<p>15:15 <strong>Eva Tvrd\u00e1<\/strong>: Na odvr\u00e1cen\u00e9 stran\u011b. \u017densk\u00e9 osudy na odvr\u00e1cen\u00e9 stran\u011b literatury?\u00a0Besedu k rom\u00e1nu po\u0159\u00e1d\u00e1 Littera Silesia.<\/p>\n<p>16:00 Setk\u00e1n\u00ed s v\u00fdtvarn\u00edkem a spisovatelem <strong>Pavlem \u010cechem<\/strong>. Po\u0159\u00e1d\u00e1 nakladatelstv\u00ed Petrkov.<\/p>\n<p>16:45 <strong>M\u00c1M TALENT<\/strong> nakladatelstv\u00ed p\u0159edstavuje nov\u00e9 knihy. P\u0159ij\u010fte s n\u00e1mi p\u0159iv\u00edtat na \u010desk\u00e9m trhu autory, jejich\u017e jm\u00e9na sice zat\u00edm nejsou p\u0159\u00edli\u0161 zn\u00e1m\u00e1, ale jejich\u017e knihy rozhodn\u011b stoj\u00ed za p\u0159e\u010dten\u00ed! Tak\u00e9 p\u00ed\u0161ete a v\u011b\u0159\u00edte ve sv\u016fj talent? Pak byste tu nem\u011bli chyb\u011bt!<\/p>\n<p>17:30 <strong>Kl\u00e1ra Kub\u00ed\u010dkov\u00e1<\/strong>: Rozt\u011bkan\u00e9. P\u0159edstaven\u00ed knihy o tom, jak se \u017eije \u017een\u00e1m s ADHD. Po\u0159\u00e1d\u00e1 Host.<\/p>\n<p>18:15 Za\u017eijte vnit\u0159n\u00ed ticho. Medita\u010dn\u00ed workshop po\u0159\u00e1d\u00e1 Madal Bal.\u00a0Hled\u00e1te klid, harmonii nebo pocit vnit\u0159n\u00edho napln\u011bn\u00ed? Osvojte si um\u011bn\u00ed meditace \u010di prohlubte svou dosavadn\u00ed praxi s <strong>Janou Du\u0161kovou<\/strong>, kter\u00e1 ji\u017e p\u0159es 15 let vede kurzy meditace v\u00a0\u010cR i zahrani\u010d\u00ed.<\/p>\n<p><strong>Sobota 11. \u0159\u00edjna<\/strong><\/p>\n<p>9:00 Odhalme smysl sly\u0161en\u00ed hlas\u016f &#8211; Knihu nizozemsk\u00fdch l\u00e9ka\u0159\u016f <strong>Maria Romme<\/strong>, <strong>Sandry Esher<\/strong> a <strong>Dirka Corstense<\/strong> p\u0159edstav\u00ed Nakladatelstv\u00ed Dvojka. Diskusi o inovativn\u00edm p\u0159\u00edstupu k fenom\u00e9nu sly\u0161en\u00ed hlas\u016f povede klinick\u00fd psycholog <strong>Petr \u0160ouba<\/strong>.<\/p>\n<p>9:45 <strong>Dr\u00e1\u017ea Vejra\u017ekov\u00e1<\/strong>: Alice.\u00a0Pozoruhodn\u00fd debut sleduje Alici, kter\u00e1 se se dv\u011bma syny pokou\u0161\u00ed po t\u011b\u017ek\u00e9m rozchodu za\u010d\u00edt znovu \u2013 m\u00edsto klidu se vrac\u00ed dusiv\u00fd strach a rozt\u00e1\u010d\u00ed se hra paranoie. Debata s autorkou o tom, jak se p\u00ed\u0161e strach. Po\u0159\u00e1d\u00e1 George Publishing.<\/p>\n<p>10:30 <strong>Eva Turnov\u00e1<\/strong>: Proch\u00e1zka turnov\u00fdm h\u00e1jem. \u010cten\u00ed z nov\u00e9 knihy sloupk\u016f doprov\u00e1zen\u00e9 p\u00edsn\u011bmi autorky.\u00a0Po\u0159\u00e1d\u00e1 Eturnity.<\/p>\n<p>11:15 <strong>Martin Kune\u0161<\/strong>: Prap\u016fvodn\u00ed chaos. Autorsk\u00e9 \u010dten\u00ed poezie + diskuze o postaven\u00ed poezie na \u010desk\u00e9 liter\u00e1rn\u00ed sc\u00e9n\u011b.<\/p>\n<p>12:00 Fenom\u00e9n true crime s <strong>Milanem \u0158\u00edsk\u00fdm<\/strong>.\u00a0Nahl\u00e9dn\u011bte spole\u010dn\u011b s n\u00e1mi do z\u00e1kout\u00ed mysli t\u011bch nejv\u011bt\u0161\u00edch s\u00e9riov\u00fdch vrah\u016f. Beseda v\u00e1m p\u0159ibl\u00ed\u017e\u00ed nejen oran\u017eovou True crime edici, ale tak\u00e9 desetilet\u00ed trvaj\u00edc\u00ed oblibu kni\u017en\u00edch zpracov\u00e1n\u00ed skute\u010dn\u00fdch krimin\u00e1ln\u00edch \u010din\u016f. Po\u0159\u00e1d\u00e1 nakladatelstv\u00ed Jota.<\/p>\n<p>12:45 Beseda s\u00a0<strong>Pavlem Bar\u0161ou<\/strong> nejen o knize Jako obvykle jsem hledal n\u011bjakou t\u0159et\u00ed cestu. Moderuje <strong>Mark\u00e9ta Hejkalov\u00e1<\/strong>. Po\u0159\u00e1d\u00e1 nakladatelstv\u00ed Host.<\/p>\n<p>13:30 P\u0159ed\u00e1v\u00e1n\u00ed ceny Littera Astronomica a p\u0159edn\u00e1\u0161ka laure\u00e1ta <strong>Marcela B\u011bl\u00edka<\/strong>. Po\u0159\u00e1d\u00e1 \u010cesk\u00e1 astronomick\u00e1 spole\u010dnost.<\/p>\n<p>14:15 TALENT ROKU 2025! Ji\u017e \u010dtvrt\u00fdm rokem budou liter\u00e1rn\u00ed sudi\u010dky <strong>Mark\u00e9ta Hejkalov\u00e1<\/strong>, <strong>Lucie Hlavinkov\u00e1<\/strong> a <strong>Mark\u00e9ta Pr\u00e1\u0161kov\u00e1<\/strong> p\u0159ed\u00e1vat liter\u00e1rn\u00ed ocen\u011bn\u00ed autorovi, jeho\u017e rukopis si zaslou\u017e\u00ed vyd\u00e1n\u00ed a pozornost \u010desk\u00fdch nakladatel\u016f. Po\u0159\u00e1d\u00e1 M\u00e1m talent.<\/p>\n<p>15:45 <strong>Zden\u011bk Hrom\u00e1dka<\/strong>: S\u00edla podv\u011bdom\u00ed a jak z\u00edskat energii?\u00a0Po\u0159\u00e1d\u00e1 Dianetick\u00e9 centrum.<\/p>\n<p><strong><span style=\"color: #3366ff;\">Programy<\/span> <span style=\"color: #3366ff;\">v<\/span> <span style=\"color: #3366ff;\">salonku<\/span> <span style=\"color: #3366ff;\">2<\/span><\/strong><\/p>\n<p><strong>P\u00e1tek 10. \u0159\u00edjna<\/strong><\/p>\n<p>10:15 <strong>Petra \u0160tarkov\u00e1<\/strong>: Tom d\u00e1v\u00e1 g\u00f3l. Besedu nad knihou po\u0159\u00e1d\u00e1 nakladatelstv\u00ed Port\u00e1l.<\/p>\n<p>11:00 <strong>Jan Tk\u00e1\u010d<\/strong>: Draci a magie. Po\u0159\u00e1d\u00e1 nakladatelstv\u00ed Tajemn\u00e9 Beskydy.<\/p>\n<p>11:45 Autorsk\u00e9 \u010dten\u00ed b\u00e1sn\u00edka<strong> Robina Kr\u00e1le <\/strong>ze sedmimetrov\u00e9ho leporela Na pouti<strong>.\u00a0<\/strong>Hrav\u011b zasn\u011bn\u00e9 ver\u0161e a jemn\u00e9 ilustrace <strong>Andrey Tachezy<\/strong> spole\u010dn\u011b vytvo\u0159ily magick\u00e9 prost\u0159ed\u00ed pouti.\u00a0Kniha byla letos nominov\u00e1na na cenu Magnesia Litera.\u00a0Po\u0159\u00e1d\u00e1 nakladatelstv\u00ed Meander.<\/p>\n<p>12:30 <strong>Iveta Svobodov\u00e1<\/strong>: DNA a <strong>Veronika Havl\u00edkov\u00e1<\/strong>: Domov je stav mysli. Prezentaci dvou nov\u00fdch knih po\u0159\u00e1d\u00e1 nakladatelstv\u00ed \u0160ulc-\u0160varc v salonku 2.<\/p>\n<p>13:15 <strong>Lenka Pet\u0159ekov\u00e1<\/strong>: Anatomie thrilleru. Od n\u00e1padu a\u017e po posledn\u00ed str\u00e1nku. Autorka strhuj\u00edc\u00edch thriller\u016f z \u010desk\u00e9ho prost\u0159ed\u00ed (nap\u0159. N\u011b\u017en\u011b t\u011b poh\u0159b\u00edm a Kde se skr\u00fdv\u00e1 temnota) \u2013 v\u00e1s zavede do z\u00e1kulis\u00ed tvorby detektivn\u00edho p\u0159\u00edb\u011bhu. Po\u0159\u00e1d\u00e1 George Publishing v salonku 2.<\/p>\n<p>14:00 Poznejte sv\u00e9ho p\u0159ekladatele v Havl\u00ed\u010dkov\u011b Brod\u011b. <strong>Jana Pokojov\u00e1<\/strong>, p\u0159ekladatelka Morgensterna a Garcii Lorky. Po\u0159\u00e1d\u00e1 Obec p\u0159ekladatel\u016f a Cech nakladatel\u016f.<\/p>\n<p>14:45 <strong>Lucie \u0160ilhov\u00e1<\/strong>: \u017d\u010f\u00e1rsk\u00e9 vrchy a <strong>Jan \u0160tifter<\/strong>: Novohradsk\u00e9 hory. Dva auto\u0159i budou besedovat o edici Za tichem \u2013 s\u00e9rii pr\u016fvodc\u016f po m\u00edstech, kde se m\u016f\u017ee du\u0161e nadechnout.\u00a0Po\u0159\u00e1d\u00e1 Albatros Media.<\/p>\n<p>15:30 <strong>Martin Reiner<\/strong>. Po\u0159\u00e1d\u00e1 Druh\u00e9 m\u011bsto.<\/p>\n<p>16:15 <strong>Petr Stan\u010d\u00edk<\/strong>. Besedu po\u0159\u00e1d\u00e1 Druh\u00e9 m\u011bsto.<\/p>\n<p>17:00 PhDr. <strong>Vojt\u011bch Kyncl<\/strong>, Ph.D.: Soused\u00e9 ve v\u00e1lce.\u00a0Co znamenalo \u017e\u00edt v mal\u00e9m m\u011bst\u011b, kde se po stalet\u00ed prol\u00ednaly \u010desk\u00e9, n\u011bmeck\u00e9 a \u017eidovsk\u00e9 osudy a kde v\u00e1le\u010dn\u00e9 ud\u00e1losti a ideologie dok\u00e1zaly b\u011bhem n\u011bkolika let tuto k\u0159ehkou rovnov\u00e1hu rozvr\u00e1tit? P\u0159edstaven\u00ed nov\u00e9 knihy po\u0159\u00e1d\u00e1\u00a0Historick\u00fd \u00fastav AV \u010cR, v. v. i.<\/p>\n<p>17:45 <strong>Pavel H\u00e9nik<\/strong>: B\u00e1je\u010dn\u00fd a ho\u0159k\u00fd rok 1968. Prezentaci mimo\u0159\u00e1dn\u00e9 report\u00e1\u017en\u00ed knihy po\u0159\u00e1d\u00e1 Dobrovsk\u00fd \u2013 Na\u0161e nakladatelstv\u00ed.<\/p>\n<p><strong>Sobota 11. \u0159\u00edjna<\/strong><\/p>\n<p>9:15 <strong>Mark\u00e9ta Hejkalov\u00e1<\/strong>: Kdo se ztratil v Laponsku. K\u0159est knihy s workshopem pro d\u011bti a rodi\u010de po\u0159\u00e1d\u00e1 nakladatelstv\u00ed Host v salonku 2. Knihu pok\u0159t\u00ed sen\u00e1torka <strong>Miroslava N\u011bmcov\u00e1<\/strong>.<\/p>\n<p>10:00 <strong><span style=\"text-decoration: line-through;\">Veronika Gonz\u00e1lez<\/span><\/strong><span style=\"text-decoration: line-through;\">: Bl\u00edzc\u00ed. Rodina \u2013 neju\u017e\u0161\u00ed pouto, nejhlub\u0161\u00ed jizvy. Vych\u00e1zej\u00edc\u00ed spisovatelsk\u00e1 hv\u011bzda bude \u010d\u00edst ze sv\u00e9ho vztahov\u00e9ho rom\u00e1nu. Po\u0159\u00e1d\u00e1 nakladatelstv\u00ed Albatros Media v salonku 2.<\/span>\u00a0<span style=\"color: #ff0000;\">ZRU\u0160ENO<\/span>.<\/p>\n<p>10:45 Boj s v\u011btrn\u00fdmi ml\u00fdny. Diskuse o tom, s \u010d\u00edm bojuj\u00ed \u010desk\u00e9 spisovatelky.\u00a0<strong>Lidmila K\u00e1brtov\u00e1<\/strong>, <strong>Michaela Klevisov\u00e1<\/strong> a <strong>Alena Morn\u0161tajnov\u00e1<\/strong>, moderuje <strong>Jakub Pavlovsk\u00fd<\/strong>.<\/p>\n<p>11:30 V\u00edde\u0148sk\u00e9 svobodn\u00e9 listy a <strong>Ond\u0159ej Cik\u00e1n<\/strong>, nositel Rakousk\u00e9 st\u00e1tn\u00ed ceny za p\u0159eklad.<\/p>\n<p>12:15 B\u00e1sn\u00edk <strong>Martin Trdla<\/strong> a prozaik <strong>Stanislav Beran<\/strong>. Po\u0159\u00e1d\u00e1 Cech nakladatel\u016f.<\/p>\n<p>13:00 <strong>Aneta Martinek<\/strong>: Holky to cht\u011bj taky<strong><br \/>\n<\/strong>Dorazte na besedu s autorkou bestselleru Organiza\u010dn\u00ed porno a novinky Holky to cht\u011bj taky, na kter\u00e9 probereme ot\u00e1zku sla\u010fov\u00e1n\u00ed rodi\u010dovstv\u00ed s kari\u00e9rou a nech\u00e1me v\u00e1s tak\u00e9 nahl\u00e9dnout za oponu Anetina procesu psan\u00ed.\u00a0Po\u0159\u00e1d\u00e1 Audiolibrix.<\/p>\n<p>13:45 Sudety: P\u0159edstaven\u00ed knihy pov\u00eddek p\u0159edn\u00edch autorek a autor\u016f s\u00a0<strong>Petrou Dvo\u0159\u00e1kovou<\/strong> a <strong>Michaelou Klevisovou<\/strong>. Po\u0159\u00e1d\u00e1 nakladatelstv\u00ed Host.<\/p>\n<p>14:30 Ud\u00edlen\u00ed ceny <strong>Franti\u0161ka Dra\u0161nera<\/strong>. Po\u0159\u00e1d\u00e1 Okra\u0161lovac\u00ed spolek Budoucnost v salonku 2.<\/p>\n<p>15:15 <strong>Luk\u00e1\u0161 Z\u00e1rybnick\u00fd<\/strong>: Jon\u00e1\u0161 ve velryb\u00edm b\u0159i\u0161e. P\u0159edstaven\u00ed dobrodru\u017en\u00e9 detektivky z Patagonie, autorsk\u00e9 \u010dten\u00ed a beseda.<\/p>\n<p>16:00 <strong>Michaela Klevisov\u00e1<\/strong>: Letn\u00ed slunovrat. Kr\u00e1lovna \u010desk\u00e9 detektivky p\u0159edstav\u00ed vy\u0161et\u0159ovatelku Terezu Fabi\u00e1novou, kter\u00e1 \u0159e\u0161\u00ed zlo\u010din v\u00a0zapadl\u00e9 jiho\u010desk\u00e9 vesnici. Po\u0159\u00e1d\u00e1 nakladatelstv\u00ed Albatros Media.<\/p>\n<p><strong><span style=\"color: #339966;\">Program<\/span> <span style=\"color: #339966;\">na<\/span> <span style=\"color: #339966;\">Schodech<\/span> <span style=\"color: #339966;\">Krajsk\u00e9<\/span> <span style=\"color: #339966;\">knihovny<\/span> <span style=\"color: #339966;\">Vyso\u010diny<\/span><\/strong><\/p>\n<p><strong>P\u00e1tek 10. \u0159\u00edjna<\/strong><\/p>\n<p>10:05 Zah\u00e1jen\u00ed 35. Podzimn\u00edho kni\u017en\u00edho veletrhu a \u00favodn\u00ed tiskovka.\u00a0P\u0159edseda Sen\u00e1tu <strong>Milo\u0161 Vystr\u010dil<\/strong>, starosta Havl\u00ed\u010dkova Brodu <strong>Zbyn\u011bk Stejskal<\/strong>, \u0159editelka Krajsk\u00e9 knihovny Vyso\u010diny <strong>Jitka Hlad\u00edkov\u00e1<\/strong>, \u0159editel Tisk\u00e1ren Havl\u00ed\u010dk\u016fv Brod <strong>Petr Klete\u010dka<\/strong>, m\u00edstop\u0159edseda \u010cesk\u00e9 astronomick\u00e9 spole\u010dnosti <strong>Pavel Suchan<\/strong>, \u0159editelka hospice Mezi stromy <strong>Ludmila Novotn\u00e1<\/strong> a dal\u0161\u00ed host\u00e9.<\/p>\n<p>11:00 Cena p\u0159edsedy Sen\u00e1tu <strong>Milo\u0161e Vystr\u010dila<\/strong> za knihu o svobod\u011b. Knihy, kter\u00e9 nominovali kni\u017en\u00ed influence\u0159i <strong>\u0160t\u011bp\u00e1nka Fefferov\u00e1<\/strong> (@tady_je_stepancino), <strong>Jakub Pavlovsk\u00fd<\/strong> (BOOK\u00b4s CALLING), <strong>Old\u0159ich Such\u00fd<\/strong> (zanicenyknihkupec), <strong>Kamila V\u00ed\u0161kov\u00e1<\/strong> (@hlavaplnaknih):\u00a0<strong>Petr T\u0159e\u0161\u0148\u00e1k: <\/strong>D\u016fstojnost, (Druh\u00e9 m\u011bsto), <strong>Barbora \u0160\u0165astn\u00e1<\/strong>: Prst\u00fdnek z dr\u00e1tu (Argo + Post Bellum), <strong>Milo\u0161 Dole\u017eal<\/strong>: Bu\u010f p\u0159ipraven k ud\u00e1n\u00ed (Host) a <strong>Kl\u00e1ra El\u0161\u00edkov\u00e1<\/strong>: Pacanka (Host).<\/p>\n<p>12:00 <strong>Petra Marti\u0161kov\u00e1<\/strong>,<strong> Ad\u00e9la Ros\u00edpalov\u00e1 <\/strong>a<strong> Kate\u0159ina \u0160ardick\u00e1<\/strong>. Vl\u00e1dne st\u00e1le young adult \u017e\u00e1nr literatu\u0159e pro mlad\u00e9? O aktu\u00e1ln\u00edch trendech bude diskutovat trojice autorek, kter\u00fdm pr\u00e1v\u011b vych\u00e1z\u00ed nov\u00e1 kniha. Po\u0159\u00e1d\u00e1 nakladatelstv\u00ed Albatros Media.<\/p>\n<p>13:00 Kn\u00ed\u017eky Plus s\u00a0<strong>Karol\u00ednou Koubovou<\/strong>. \u010cesk\u00fd rozhlas Plus.<\/p>\n<p>14:00 <strong>Lucie Hlavinkov\u00e1<\/strong>: Gottwaldova mumie a <strong>Danuta Chlupov\u00e1<\/strong>: Vrstvy na Dn\u011b. V\u00a0novince Lucie Hlavinkov\u00e9 o\u017eije absurdn\u00ed doba, Danuta Chlupov\u00e1 vyl\u00ed\u010d\u00ed osud zatopen\u00e9 karvinsk\u00e9 obce. Po\u0159\u00e1d\u00e1 Albatros Media. Schody knihovny.<\/p>\n<p>15:00 <strong>Dagmar Peckov\u00e1<\/strong>: Ty vole se ne\u0159\u00edk\u00e1. Po\u0159\u00e1d\u00e1 nakladatelstv\u00ed Kazda.<\/p>\n<p>16:00 <strong>Abhejali Bernardov\u00e1<\/strong>: Dok\u00e1\u017eeme mnohem v\u00edc, ne\u017e si mysl\u00edme.\u00a0 Workshop a beseda.\u00a0P\u0159ij\u010fte si popov\u00eddat se \u017eenou, kter\u00e1 na cest\u011b k\u00a0pozn\u00e1n\u00ed sebe sama p\u0159eplavala Sedmi\u010dku oce\u00e1n\u016f \u2013 a napsala o tom kn\u00ed\u017eku Dokud voda neskon\u010d\u00ed. Po\u0159\u00e1d\u00e1 Madal Bal, Schody knihovny.<\/p>\n<p>19:30 Ve\u010der nejkr\u00e1sn\u011bj\u0161\u00edch knih. P\u0159ed\u00e1v\u00e1n\u00ed cen Kraje Vyso\u010dina (hejtman <strong>Martin Kukla<\/strong>), m\u011bsta Havl\u00ed\u010dkova Brodu (starosta <strong>Zbyn\u011bk Stejskal<\/strong>), Tisk\u00e1ren Havl\u00ed\u010dk\u016fv Brod, a.s., (\u0159editel <strong>Petr Klete\u010dka<\/strong>), \u010cesk\u00e9ho rozhlasu Vyso\u010dina (\u0159editel <strong>Zden\u011bk Duspiva<\/strong>) a Krajsk\u00e9 knihovny Vyso\u010diny (\u0159editelka <strong>Jitka Hlad\u00edkov\u00e1<\/strong>) za nejkr\u00e1sn\u011bj\u0161\u00ed knihy 35. Podzimn\u00edho kni\u017en\u00edho veletrhu. Pro vystavovatele a dal\u0161\u00ed zvan\u00e9 hosty.<\/p>\n<p><strong>Sobota 11. \u0159\u00edjna<\/strong><\/p>\n<p>10:00 <strong>Mark\u00e9ta Pr\u00e1\u0161kov\u00e1<\/strong>: Synov\u00e9 noci<em>.<\/em> Kmotry nov\u00e9 knihy, strhuj\u00edc\u00ed historick\u00e9 fresky o ud\u00e1lostech 20. stolet\u00ed, kter\u00e9 byly des\u00edtky let z\u00e1m\u011brn\u011b zaml\u010dov\u00e1ny, jsou \u0159editelka veletrhu <strong>Mark\u00e9ta Hejkalov\u00e1 <\/strong>a spisovatel <strong>\u0160t\u011bp\u00e1n Jav\u016frek<\/strong>. Po\u0159\u00e1d\u00e1 nakladatelstv\u00ed MOBA.<\/p>\n<p>11:00 <strong>Pavla Hor\u00e1kov\u00e1<\/strong>: Okno na z\u00e1pad. Po\u0159\u00e1d\u00e1 nakladatelstv\u00ed Argo.<\/p>\n<p>12:00 <strong>Michal Viewegh<\/strong>. Tradi\u010dn\u00ed setk\u00e1n\u00ed s\u00a0jedn\u00edm z\u00a0nejobl\u00edben\u011bj\u0161\u00edch \u010desk\u00fdch spisovatel\u016f.<\/p>\n<p>13:00 <strong>Vladim\u00edr Ko\u0159en<\/strong>. Po\u0159\u00e1d\u00e1 nakladatelstv\u00ed Kazda.<\/p>\n<p>14:00 Ex libris: <strong>Na\u010fa Revil\u00e1kov\u00e1<\/strong> a <strong>Libor Dvo\u0159\u00e1k<\/strong> p\u0159edstavuj\u00ed knihu <strong>Dmitrije Gluchovsk\u00e9ho<\/strong> My. Den\u00edk p\u00e1du. Po\u0159\u00e1d\u00e1 \u010cesk\u00fd rozhlas Plus.<\/p>\n<p>15:00 <strong>Alice Flemrov\u00e1<\/strong>: Zlo\u010din po italsku. Debata s p\u0159ekladatelkou o sicilsk\u00fdch detektivk\u00e1ch <strong>Cristiny Cassar Scalia<\/strong> \u010cern\u00fd p\u00edsek a Logika no\u010dn\u00edho rybolovu. Po\u0159\u00e1d\u00e1 nakladatelstv\u00ed Meridione.<\/p>\n<p><strong><span style=\"color: #ff00ff;\">Programy<\/span> <span style=\"color: #ff00ff;\">v<\/span> <span style=\"color: #ff00ff;\">s\u00e1le<\/span> <span style=\"color: #ff00ff;\">Krajsk\u00e9<\/span> <span style=\"color: #ff00ff;\">knihovny<\/span> <span style=\"color: #ff00ff;\">Vyso\u010diny<\/span><\/strong><\/p>\n<p><strong>P\u00e1tek 10. \u0159\u00edjna<\/strong><\/p>\n<p>10:30 <strong>Tereza Vereck\u00e1<\/strong> a <strong>Mikul\u00e1\u0161 Podprock\u00fd<\/strong>: Winton nebyl s\u00e1m. Prezentace komiksu. Po\u0159\u00e1d\u00e1 Argo.<\/p>\n<p>11:30 <strong>Milan \u0158\u00edsk\u00fd<\/strong>: Dva na vra\u017edu. P\u0159\u00edb\u011bhy vra\u017ed\u00edc\u00edch dvojic, kter\u00e9 spojilo n\u00e1sil\u00ed. P\u0159edstaven\u00ed true crime knihy, kter\u00e1 jde skute\u010dn\u011b do hloubky,\u00a0 po\u0159\u00e1d\u00e1 nakladatelstv\u00ed Albatros Media.<\/p>\n<p>12:45 Knihovny a nakladatel\u00e9 \u2013 debata. Z\u00fa\u010dastn\u00ed se nakladatel\u00e9 LuStr Books, Dvojka, Jirkovo nakladatelstv\u00ed, Hejkal, Meridione, Piatnik, Jana Such\u00e1, Munipress, Pink Box, Madal Bal a Jota.<\/p>\n<p>13:30 <strong>Michal S\u00fdkora<\/strong>, <strong>Ji\u0159\u00ed Kle\u010dka<\/strong> a <strong>Anton\u00edn Maz\u00e1\u010d<\/strong> na stop\u011b zlo\u010dinu. Besedu o nov\u00fdch detektivk\u00e1ch moderuje <strong>Lidmila K\u00e1brtov\u00e1<\/strong>. Po\u0159\u00e1daj\u00ed nakladatelstv\u00ed Host a Golden Dog.<\/p>\n<p>14:30 <strong>Petr Pithart<\/strong>, <strong>Jan Urban<\/strong>, <strong>Jan Kalvoda<\/strong>: \u010cesk\u00e9 pr\u016f\u0161vihy 1945-1948.\u00a0Bene\u0161ova tzv. t\u0159et\u00ed republika nev\u011bdomky napodobovala fa\u0161ismus tak dob\u0159e, \u017ee se z vlastn\u00ed v\u016fle stala prolhan\u00fdm, antidemokratick\u00fdm, n\u00e1siln\u00fdm, korporativistick\u00fdm st\u00e1tem, kter\u00fd slovy o demokracii a nov\u00e9m za\u010d\u00e1tku historie jenom maskoval svoji fa\u0161istickou podstatu.\u00a0Debatu po\u0159\u00e1d\u00e1 \u00dastav nez\u00e1visl\u00e9 \u017eurnalistiky.<\/p>\n<p>15:30 <strong>Ji\u0159\u00ed Padev\u011bt<\/strong>: T\u0159\u00edsky svobody a jin\u00e9 knihy. Besedu uvede <strong>Mark\u00e9ta Hejkalov\u00e1<\/strong>.<\/p>\n<p><strong>Sobota 11. \u0159\u00edjna<\/strong><\/p>\n<p>9:30 <strong>Harry Potter<\/strong>: \u010dtvrtstolet\u00ed magie.\u00a0Fenom\u00e9n Harry Potter slav\u00ed v \u010cesku 25 let. Na co se m\u016f\u017eeme je\u0161t\u011b t\u011b\u0161it? Odpov\u00ed <strong>Petr Eli\u00e1\u0161<\/strong>, \u0161\u00e9fredaktor nakladatelstv\u00ed Albatros, dopln\u00ed ho <strong>Ilona Polanski<\/strong>, kter\u00e1 ilustrovala prvn\u00ed d\u00edl popul\u00e1rn\u00ed s\u00e1gy o mlad\u00e9m kouzeln\u00edkovi. Po\u0159\u00e1d\u00e1 Albatros.<\/p>\n<p>11:30 <strong>Petra Dvo\u0159\u00e1kov\u00e1<\/strong> mezi beletri\u00ed, non-fiction a knihami pro d\u011bti. Besedu po\u0159\u00e1d\u00e1 nakladatelstv\u00ed Host.<\/p>\n<p>12:30 <strong>Alena Morn\u0161tajnov\u00e1<\/strong>: \u010cas vos. Besedu po\u0159\u00e1d\u00e1 nakladatelstv\u00ed Host.<\/p>\n<p>13:30 <strong>\u0160t\u011bp\u00e1n Jav\u016frek<\/strong>: beseda s\u00a0autorem kni\u017en\u00edch bestseller\u016f Chaloupky a trilogie Sudetsk\u00fd d\u016fm. Po\u0159\u00e1d\u00e1 nakladatelstv\u00ed MOBA v s\u00e1le knihovny.<\/p>\n<p>14:30 <strong>Milo\u0161 Urban<\/strong>: Dr. Alz. Po\u0159\u00e1d\u00e1 nakladatelstv\u00ed Argo.<\/p>\n<p>15:30 <strong>Michal Kamp <\/strong>a kolektiv: Havl\u00ed\u010dk\u016fv Brod \u2013 m\u011bsto na rozhran\u00ed. Prezentace knihy o historii m\u011bsta Havl\u00ed\u010dk\u016fv Brod od po\u010d\u00e1tk\u016f do roku 1989. Publikace o 900 stran\u00e1ch se 750 fotografiemi je v\u00fdsledkem jeden\u00e1ctilet\u00fdch p\u0159\u00edprav a pr\u00e1ce jeden\u00e1cti odborn\u00edk\u016f. Na besed\u011b p\u0159edch\u00e1zej\u00edc\u00ed k\u0159tu pop\u00ed\u0161\u00ed vznik a p\u0159\u00ednos knihy jej\u00ed auto\u0159i: historici<strong> Michal Kamp<\/strong>,<strong> Tom\u00e1\u0161 Somer<\/strong>,<strong> Alena Jindrov\u00e1 <\/strong>a<strong> Martin Firon<\/strong>, archeologov\u00e9<strong> Petr Hrub\u00fd <\/strong>a<strong>\u00a0Ale\u0161 Kn\u00e1pek <\/strong>a archiv\u00e1\u0159i<strong> David Novotn\u00fd <\/strong>a<strong> Stanislav B\u00e1rta<\/strong>. Knihu pok\u0159t\u00ed \u0159editel Moravsk\u00e9ho zemsk\u00e9ho archivu <strong>Ladislav Macek <\/strong>a starosta m\u011bsta Havl\u00ed\u010dk\u016fv Brod<strong> Zbyn\u011bk Stejskal. <\/strong>Po\u0159\u00e1daj\u00ed Tisk\u00e1rny Havl\u00ed\u010dk\u016fv Brod.<\/p>\n","protected":false},"excerpt":{"rendered":"<p>Program 35. Podzimn\u00edho kni\u017en\u00edho veletrhu a liter\u00e1rn\u00edho festivalu m\u011bsta Kni\u017en\u00ed Havl\u00ed\u010dk\u016fv Brod Program v salonku 1 P\u00e1tek 10. \u0159\u00edjna 10:00 Jak se \u017eije v Mongolsku? Beseda Danky \u0160\u00e1rkov\u00e9 nejen ke knize Rok zmatk\u016f.\u00a0Po\u0159\u00e1d\u00e1 nakladatelstv\u00ed Anahita. 10:45 Ortenova cena 2025. \u010cten\u00ed t\u0159\u00ed nominovan\u00fdch. Sufian Massalema: Mo\u017enosti p\u0159ehl\u00ed\u017een\u00e9ho, Lubom\u00edr Tich\u00fd: M\u00edstn\u00ed a Apolena Vyb\u00edralov\u00e1: Vzteklina. Po\u0159\u00e1d\u00e1 S\u010cKN. &hellip; <a href=\"http:\/\/www.hejkal.cz\/veletrh\/doprovodny-program\/programy-podle-mistnosti\/\" class=\"more-link\">Pokra\u010dov\u00e1n\u00ed textu <span class=\"screen-reader-text\">Programy podle m\u00edstnost\u00ed<\/span><\/a><\/p>\n","protected":false},"author":3,"featured_media":0,"parent":6,"menu_order":1,"comment_status":"closed","ping_status":"closed","template":"","meta":[],"_links":{"self":[{"href":"http:\/\/www.hejkal.cz\/veletrh\/wp-json\/wp\/v2\/pages\/437"}],"collection":[{"href":"http:\/\/www.hejkal.cz\/veletrh\/wp-json\/wp\/v2\/pages"}],"about":[{"href":"http:\/\/www.hejkal.cz\/veletrh\/wp-json\/wp\/v2\/types\/page"}],"author":[{"embeddable":true,"href":"http:\/\/www.hejkal.cz\/veletrh\/wp-json\/wp\/v2\/users\/3"}],"replies":[{"embeddable":true,"href":"http:\/\/www.hejkal.cz\/veletrh\/wp-json\/wp\/v2\/comments?post=437"}],"version-history":[{"count":163,"href":"http:\/\/www.hejkal.cz\/veletrh\/wp-json\/wp\/v2\/pages\/437\/revisions"}],"predecessor-version":[{"id":3057,"href":"http:\/\/www.hejkal.cz\/veletrh\/wp-json\/wp\/v2\/pages\/437\/revisions\/3057"}],"up":[{"embeddable":true,"href":"http:\/\/www.hejkal.cz\/veletrh\/wp-json\/wp\/v2\/pages\/6"}],"wp:attachment":[{"href":"http:\/\/www.hejkal.cz\/veletrh\/wp-json\/wp\/v2\/media?parent=437"}],"curies":[{"name":"wp","href":"https:\/\/api.w.org\/{rel}","templated":true}]}}