{"id":365,"date":"2021-09-30T10:55:11","date_gmt":"2021-09-30T08:55:11","guid":{"rendered":"http:\/\/veletrh.hejkal.cz\/?page_id=365"},"modified":"2025-10-06T12:24:56","modified_gmt":"2025-10-06T10:24:56","slug":"27-podzimni-knizni-veletrh-planek","status":"publish","type":"page","link":"http:\/\/www.hejkal.cz\/veletrh\/informace-pro-navstevniky\/27-podzimni-knizni-veletrh-planek\/","title":{"rendered":"Rozm\u00edst\u011bn\u00ed vystavovatel\u016f &#8211; pl\u00e1nek"},"content":{"rendered":"<p><a href=\"http:\/\/www.hejkal.cz\/veletrh\/wp-content\/uploads\/2025\/09\/planek-35-1.odp\">pl\u00e1nek 35<\/a><\/p>\n<p>\u010c\u00edsla st\u00e1nk\u016f a vystavovatel\u00e9:<\/p>\n<p><strong>u vchodu:<\/strong><\/p>\n<p>01 \u010cesk\u00fd rozhlas Vyso\u010dina + \u010cesk\u00fd rozhlas Plus<\/p>\n<p>02 Pozdn\u00ed sb\u011br<\/p>\n<p><strong>p\u0159eds\u00e1l\u00ed:<\/strong><\/p>\n<p>21 Kanopa<\/p>\n<p>22 Malvern + Jirousov\u00e1<\/p>\n<p>23 Audiolibrix<\/p>\n<p>24 \u010cesk\u00e9 centrum PEN klubu<\/p>\n<p>20 Luk\u00e1\u0161 Ondr\u00e1\u010dek<\/p>\n<p>25 Dharmagaia<\/p>\n<p>27 Tebenas<\/p>\n<p>28 Novela bohemica<\/p>\n<p>20 Luk\u00e1\u0161 Ondr\u00e1\u010dek<\/p>\n<p>18 \u0160\u00ed\u0159en\u00ed p\u00edsma svat\u00e9ho<\/p>\n<p>19 V\u011btrn\u00e9 ml\u00fdny<\/p>\n<p>10 Radioservis<\/p>\n<p>14 Doron<\/p>\n<p>17 Donaumedia<\/p>\n<p><strong>s\u00e1l + p\u0159\u00eds\u00e1l\u00ed<\/strong><\/p>\n<p>31 Seqoy + Carcosa + Golden Dog + Planeta 9<\/p>\n<p>32 Host<\/p>\n<p>37 Port\u00e1l<\/p>\n<p>39 AudioStory<\/p>\n<p>39.4 Cech mal\u00fdch nakladatel\u016f: \u0160ev\u010d\u00edk-Veduta + Dauphin + Pavel Mervart + Stehl\u00edk + Baobab + Dynastie + Spolek pro Sedl\u010dansko a Kr\u00e1lov\u00e9hradecko<\/p>\n<p>39.1 Lowlands<\/p>\n<p>39.3 Albi<\/p>\n<p>39.6 Charita d\u011btem<\/p>\n<p>40 Jota<\/p>\n<p>41 Bourdon<\/p>\n<p>42 Pr\u00e1h<\/p>\n<p>43 Stair Jumper<\/p>\n<p>45 Mystery Press<\/p>\n<p>46 Moba<\/p>\n<p>50 Volvox Globator<\/p>\n<p>52 Dobrovsk\u00fd &#8211; Na\u0161e nakladatelstv\u00ed<\/p>\n<p>53 mapcards &#8211; Sphera<\/p>\n<p>54 Littera Silesia<\/p>\n<p>55 MuniPress<\/p>\n<p>56 Epocha<\/p>\n<p>60 Canc<\/p>\n<p>61 Academia + Ostravsk\u00e1 univerzita<\/p>\n<p>62 Argo<\/p>\n<p>64 Kazda<\/p>\n<p>65 Karolinum<\/p>\n<p>66 Univerzita Pardubice<\/p>\n<p>70 Meridione<\/p>\n<p>71 Historick\u00fd \u00fastav<\/p>\n<p>72 Vutium<\/p>\n<p>73 Petr Prchal<\/p>\n<p>74 \u0160ulc-\u0160varc<\/p>\n<p>75 Univerzita Palack\u00e9ho<\/p>\n<p>80 Lingea<\/p>\n<p>83 Albatros<\/p>\n<p>84 Tisk\u00e1rny Havl\u00ed\u010dk\u016fv Brod, a.s.<\/p>\n<p>85 SUN<\/p>\n<p>86 Mindok<\/p>\n<p><strong>jevi\u0161t\u011b<\/strong><\/p>\n<p>90 One Hot Book<\/p>\n<p>91 Smart Press<\/p>\n<p>94 Madal Bal<\/p>\n<p>98 A Presco Group<\/p>\n<p>98 Advent Orion<\/p>\n<p>99 Krajsk\u00e1 knihovna Vyso\u010diny + Ing. Josef Va\u0161\u00ed\u010dek + Region\u00e1ln\u00ed muzeum \u017d\u010f\u00e1r nad S\u00e1zavou + Klub v\u00fdtvarn\u00fdch um\u011blc\u016f Hor\u00e1cka + Obec Cejle + Sousedsk\u00e1, z.s. + Alena Velik\u00e1 + Hor\u00e1ck\u00e1 galerie v Nov\u00e9m M\u011bst\u011b na Morav\u011b<\/p>\n<p>93 Alter<\/p>\n<p>92 65. pole<\/p>\n<p>97 Piatnik<\/p>\n<p><strong>chodba 1. patro:<\/strong><\/p>\n<p>100 Druh\u00e9 m\u011bsto<\/p>\n<p>102 Anahita<\/p>\n<p>103 Miroslav Urban<\/p>\n<p>104 Mystery Films<\/p>\n<p>105 George<\/p>\n<p>106 Dianetick\u00e9 centrum<\/p>\n<p>109 Obec p\u0159ekladatel\u016f<\/p>\n<p>110 M\u016fj V\u00fdletn\u00edk<\/p>\n<p>111 Daniela Radeck\u00fd<\/p>\n<p>112 M\u00e1m talent<\/p>\n<p>133 Dvojka<\/p>\n<p>134 Ji\u0159\u00ed Dittrich<\/p>\n<p>120 Pam\u00e1tn\u00edk n\u00e1rodn\u00edho p\u00edsemnictv\u00ed\/Petrkov<\/p>\n<p>121 Protimluv<\/p>\n<p>122 N\u00e1rodn\u00ed pedagogick\u00e9 muzeum J. A, Komensk\u00e9ho<\/p>\n<p>128 Los\u00ed hn\u00edzdo<\/p>\n<p>124 M\u011bstsk\u00e9 divadlo a kino Ostrov HB<\/p>\n<p>125 Knihovna a tisk\u00e1rna pro nevidom\u00e9 K.E. Macana<\/p>\n<p>126 Galerie a muzeum Havl\u00ed\u010dk\u016fv Brod<\/p>\n<p>127 Vyso\u010dina Tourism<\/p>\n<p>123 Vyso\u010dina West<\/p>\n<p>129 K\u00e9tos + V\u00edde\u0148sk\u00e9 svobodn\u00e9 listy<\/p>\n<p>131 M\u011bstys Havl\u00ed\u010dkova Borov\u00e1<\/p>\n<p>132 Spolek pro l\u016f\u017ekov\u00fd hospic Mezi stromy<\/p>\n<p>113 Pygmalino<\/p>\n<p><strong>balkon<\/strong><\/p>\n<p>141 Meander<\/p>\n<p>142 Pipasik<\/p>\n<p>140 Pink Box<\/p>\n<p>143 \u010cesk\u00e1 fantazie<\/p>\n<p>144 Eturnity<\/p>\n<p>145 Neklidn\u00e1 r\u016f\u017ee<\/p>\n<p>146 Jirkovo nakladatelstv\u00ed<\/p>\n<p>147 Muzeum Vyso\u010diny Jihlava<\/p>\n<p>148 \u010cesk\u00e1 astronomick\u00e1 spole\u010dnost<\/p>\n<p>150 Tou\u017eimsk\u00fd a Moravec<\/p>\n<p>151 V L\u00e1sce Spolu<\/p>\n<p>152 Elka Press<\/p>\n<p>153 NEMOHUJINAK.CZ<\/p>\n<p>154 Altenberg<\/p>\n<p>155 MS studio<\/p>\n<p>156 P3K<\/p>\n<p>157 \u0160upl\u00edk<\/p>\n<p>158 Helena Rezkov\u00e1<\/p>\n<p>159 Art Francesco<\/p>\n<p>161 Nakladatelstv\u00ed Petrkov<\/p>\n<p>Liter\u00e1rn\u00ed kav\u00e1rna Petrkov<\/p>\n<p>180 Lenka Proch\u00e1zkov\u00e1<\/p>\n<p>182 Bude\u010d<\/p>\n<p>183 Bro\u017e\u00ed\u010dek\/Zmek + Labradosti + LuStr<\/p>\n<p>184 Martin Kune\u0161 + Brouk redak\u010dn\u00ed + Jana Such\u00e1 Klime\u0161ov\u00e1 + V\u00edt Vodr\u00e1\u017eka<\/p>\n<p>185 Tajemn\u00e9 Beskydy<\/p>\n<p>186 Cesta dom\u016f<\/p>\n<p>187 Miroslav Tome\u0161 Kor\u010d\u00e1go<\/p>\n<p>192 Kate\u0159ina Pa\u0159\u00edzkov\u00e1 + Marie Vejvodov\u00e1 + Martin Ryb\u00e1\u0159<\/p>\n<p>200 Romeo<\/p>\n<p>201 CDK<\/p>\n<p>202 Ivo Skopal + Luk\u00e1\u0161 Z\u00e1rybnick\u00fd<\/p>\n<p>203 Hejkal<\/p>\n<p>204 Dolanski<\/p>\n<p>205 Jihlavsk\u00e9 listy<\/p>\n<p>208 M\u00edla K\u0159\u00ed\u017eek + Nikola Teclov\u00e1 + Milan Sochora<\/p>\n<p>210 Centrum Vyso\u010dina + \u00dastav nez\u00e1visl\u00e9 \u017eurnalistiky<\/p>\n<p>Tiskov\u00e9 st\u0159edisko<\/p>\n","protected":false},"excerpt":{"rendered":"<p>pl\u00e1nek 35 \u010c\u00edsla st\u00e1nk\u016f a vystavovatel\u00e9: u vchodu: 01 \u010cesk\u00fd rozhlas Vyso\u010dina + \u010cesk\u00fd rozhlas Plus 02 Pozdn\u00ed sb\u011br p\u0159eds\u00e1l\u00ed: 21 Kanopa 22 Malvern + Jirousov\u00e1 23 Audiolibrix 24 \u010cesk\u00e9 centrum PEN klubu 20 Luk\u00e1\u0161 Ondr\u00e1\u010dek 25 Dharmagaia 27 Tebenas 28 Novela bohemica 20 Luk\u00e1\u0161 Ondr\u00e1\u010dek 18 \u0160\u00ed\u0159en\u00ed p\u00edsma svat\u00e9ho 19 V\u011btrn\u00e9 ml\u00fdny 10 Radioservis &hellip; <a href=\"http:\/\/www.hejkal.cz\/veletrh\/informace-pro-navstevniky\/27-podzimni-knizni-veletrh-planek\/\" class=\"more-link\">Pokra\u010dov\u00e1n\u00ed textu <span class=\"screen-reader-text\">Rozm\u00edst\u011bn\u00ed vystavovatel\u016f &#8211; pl\u00e1nek<\/span><\/a><\/p>\n","protected":false},"author":3,"featured_media":0,"parent":30,"menu_order":0,"comment_status":"closed","ping_status":"closed","template":"","meta":[],"_links":{"self":[{"href":"http:\/\/www.hejkal.cz\/veletrh\/wp-json\/wp\/v2\/pages\/365"}],"collection":[{"href":"http:\/\/www.hejkal.cz\/veletrh\/wp-json\/wp\/v2\/pages"}],"about":[{"href":"http:\/\/www.hejkal.cz\/veletrh\/wp-json\/wp\/v2\/types\/page"}],"author":[{"embeddable":true,"href":"http:\/\/www.hejkal.cz\/veletrh\/wp-json\/wp\/v2\/users\/3"}],"replies":[{"embeddable":true,"href":"http:\/\/www.hejkal.cz\/veletrh\/wp-json\/wp\/v2\/comments?post=365"}],"version-history":[{"count":85,"href":"http:\/\/www.hejkal.cz\/veletrh\/wp-json\/wp\/v2\/pages\/365\/revisions"}],"predecessor-version":[{"id":3044,"href":"http:\/\/www.hejkal.cz\/veletrh\/wp-json\/wp\/v2\/pages\/365\/revisions\/3044"}],"up":[{"embeddable":true,"href":"http:\/\/www.hejkal.cz\/veletrh\/wp-json\/wp\/v2\/pages\/30"}],"wp:attachment":[{"href":"http:\/\/www.hejkal.cz\/veletrh\/wp-json\/wp\/v2\/media?parent=365"}],"curies":[{"name":"wp","href":"https:\/\/api.w.org\/{rel}","templated":true}]}}