{"id":226,"date":"2023-08-22T11:32:36","date_gmt":"2023-08-22T09:32:36","guid":{"rendered":"http:\/\/veletrh.hejkal.cz\/?page_id=226"},"modified":"2025-10-06T12:24:02","modified_gmt":"2025-10-06T10:24:02","slug":"seznam-vystavovatelu","status":"publish","type":"page","link":"http:\/\/www.hejkal.cz\/veletrh\/informace-pro-navstevniky\/seznam-vystavovatelu\/","title":{"rendered":"Seznam vystavovatel\u016f 35. Podzimn\u00edho kni\u017en\u00edho veletrhu"},"content":{"rendered":"<p>Abecedn\u00ed seznam vystavovatel\u016f 35. Podzimn\u00edho kni\u017en\u00edho veletrhu s \u010d\u00edsly st\u00e1nk\u016f a webov\u00fdmi str\u00e1nkami<\/p>\n<p><strong>A<\/strong><\/p>\n<p>Academia, 61,\u00a0<a href=\"https:\/\/www.academia.cz\/\">www.academia.cz<\/a><\/p>\n<p>Advent &#8211; Orion, spol. s r.o. , 98 ,\u00a0\u00a0<a href=\"http:\/\/www.adventorion.cz\">www.adventorion.cz<\/a><\/p>\n<p>Filip Tom\u00e1\u0161 &#8211; Akropolis, virtu\u00e1ln\u00ed veletrh, <a href=\"https:\/\/akropolis.info\/\">https:\/\/akropolis.info\/<\/a><\/p>\n<p>Albatros Media a.s. , 83 ,\u00a0<a href=\"http:\/\/www.albatrosmedia.cz\">www.albatrosmedia.cz<\/a><\/p>\n<p>Albi \u010cesk\u00e1 republika a.s. , 39.3,\u00a0<a href=\"http:\/\/www.albi.cz\">\u00a0www.albi.cz<\/a><\/p>\n<p>Josef Kodet\/ Altenberg, 154,\u00a0<a href=\"http:\/\/www.alten-berg.cz\">\u00a0 www.alten-berg.cz<\/a><\/p>\n<p>Nakladatelstv\u00ed ALTER, s.r.o. , 93 ,\u00a0\u00a0<a href=\"http:\/\/www.alter.cz\">www.alter.cz<\/a><\/p>\n<p>Anahita s.r.o. , 102 ,\u00a0<a href=\"https:\/\/www.krkonose-knihy.cz\/\">www.krkonoseknihy.cz<\/a><\/p>\n<p>ARGO s.r.o.,\u00a0 62 ,\u00a0\u00a0<a href=\"http:\/\/www.argo.cz\">www.argo.cz<\/a><\/p>\n<p>Art Francesco s.r.o. ,\u00a0 159,\u00a0\u00a0<a href=\"http:\/\/www.artfra.cz\"> www.artfra.cz<\/a><\/p>\n<p>Nakladatelstv\u00ed Audiolibrix, 23,\u00a0<a href=\"https:\/\/nakladatelstvi.audiolibrix.cz\/\">nakladatelstvi.audiolibrix.cz<\/a><\/p>\n<p>AudioStory s.r.o. , 39 ,\u00a0<a href=\"http:\/\/www.audiostory.cz\">www.audiostory.cz<\/a><\/p>\n<p><strong>B<\/strong><\/p>\n<p>Baobab, 39.4, <a href=\"https:\/\/www.baobab-books.net\/\">https:\/\/www.baobab-books.net\/<\/a><\/p>\n<p>Bourdon a.s. , 41,\u00a0 \u00a0<a href=\"https:\/\/nakladatelstv\u00ed-bourdon.cz\/obchod\/\">Bourdon<\/a><\/p>\n<p>Brouk redak\u010dn\u00ed s.r.o., 184,\u00a0<a href=\"http:\/\/www.escarabajoeditorial.com\">www.escarabajoeditorial.com<\/a><\/p>\n<p>Jan Bro\u017e\u00ed\u010dek\/ J.B. Zmek, 183,\u00a0<a href=\"https:\/\/jbzmek.cz\/\">www.jbzmek.cz\/<\/a><\/p>\n<p>Nakladatelstv\u00ed Bude\u010d , 182,\u00a0<a href=\"http:\/\/www.nalezka.cz\">\u00a0 www.nalezka.cz<\/a><\/p>\n<p><strong>C, \u010c<\/strong><\/p>\n<p>Canc s.r.o. , 60,\u00a0 <a href=\"http:\/\/www.canc.cz\">\u00a0www.canc.cz<\/a><\/p>\n<p>Carcosa, 31, <a href=\"https:\/\/www.carcosa.cz\/\">www.carcosa.cz<\/a><\/p>\n<p>Cech mal\u00fdch nakladatel\u016f, 39.4, <a href=\"https:\/\/www.cechnakladatelu.cz\/\">www.cechnakladatelu.cz<\/a><\/p>\n<p>Obec Cejle, 99,\u00a0<a href=\"https:\/\/www.cejle.cz\/\">https:\/\/www.cejle.cz\/<\/a><\/p>\n<p>Centrum pro studium demokracie a kultury, 201,<a href=\"http:\/\/www.cdk.cz\">\u00a0 www.cdk.cz<\/a><\/p>\n<p>Centrum Vyso\u010dina, o.p.s. , 210,\u00a0 \u00a0<a href=\"http:\/\/www.psjk.cz\">www.psjk.cz<\/a><\/p>\n<p>Cesta dom\u016f, 186,\u00a0<a href=\"http:\/\/www.cestadomu.cz\/nakladatelstvi\">www.cestadomu.cz<\/a><\/p>\n<p>CREW s.r.o. ,\u00a0 31,\u00a0 <a href=\"http:\/\/www.crew.cz\">www.crew.cz<\/a><\/p>\n<p>\u010cesk\u00e1 astronomick\u00e1 spole\u010dnost,\u00a0 148,\u00a0\u00a0<a href=\"http:\/\/www.astro.cz\">www.astro.cz<\/a><\/p>\n<p>Nakladatelstv\u00ed \u010cesk\u00e1 fantazie, 143,\u00a0<a href=\"https:\/\/cernymesic.cz\/\">www.cernymesic.cz<\/a><\/p>\n<p>\u010cesk\u00e9 centrum Mezin\u00e1rodn\u00edho PEN klubu, 24,\u00a0<a href=\"https:\/\/www.penklub.net\/\">https:\/\/www.penklub.net\/<\/a><\/p>\n<p>\u010cesk\u00fd rozhlas Plus, 1,\u00a0<a href=\"https:\/\/plus.rozhlas.cz\/\">plus.rozhlas.cz<\/a><\/p>\n<p>\u010cesk\u00fd rozhlas Vyso\u010dina, 1,\u00a0<a href=\"https:\/\/vysocina.rozhlas.cz\/\">https:\/\/vysocina.rozhlas.cz\/<\/a><\/p>\n<p><strong>D<\/strong><\/p>\n<p>Dauphin, 39.4, <a href=\"https:\/\/www.dauphin.cz\/\">https:\/\/www.dauphin.cz\/<\/a><\/p>\n<p>DharmaGaia s.r.o. ,\u00a0 25 ,\u00a0\u00a0<a href=\"http:\/\/www.dharmagaia.cz\">www.dharmagaia.cz<\/a><\/p>\n<p>Dianetick\u00e9 centrum z.s. Praha, 106,\u00a0<a href=\"https:\/\/dianetika.cz\/\">www.dianetika.cz<\/a><\/p>\n<p>Ji\u0159\u00ed Dittrich, 134,\u00a0<a href=\"https:\/\/www.jiridittrich-knihy.cz\/\">www.jiridittrich-knihy.cz<\/a><\/p>\n<p>Dobrovsk\u00fd s.r.o., 52,\u00a0<a href=\"https:\/\/www.nasenakladatelstvi.cz\/\">www.nasenakladatelstvi.cz<\/a><\/p>\n<p>Dolanski, 204,\u00a0<a href=\"https:\/\/dolanski.cz\/\">www.dolanski.cz<\/a><\/p>\n<p>DONAU MEDIA\u00a0 , 17<\/p>\n<p>Pavel Nebojsa &#8211; DORON,\u00a0 14,\u00a0 \u00a0<a href=\"http:\/\/www.doron.cz\">www.doron.cz<\/a><\/p>\n<p>Martin Reiner \/ Druh\u00e9 m\u011bsto,\u00a0 100, <a href=\"http:\/\/www.druhemesto.cz\">www.druhemesto.cz<\/a><\/p>\n<p>Nakladatelstv\u00ed Dvojka, 133,\u00a0<a href=\"https:\/\/www.dvojkaknihy.cz\/\">www.dvojkaknihy.cz<\/a><\/p>\n<p>Dynastie, 39.4,\u00a0<a href=\"https:\/\/www.dynastie.cz\/\">https:\/\/www.dynastie.cz\/<\/a><\/p>\n<p><strong>E<\/strong><\/p>\n<p>Nakladatelstv\u00ed Elka Press, 152 ,\u00a0<a href=\"http:\/\/www.militaria.cz\"> www.militaria.cz<\/a><\/p>\n<p>Nakladatelstv\u00ed Epocha s.r.o.,\u00a0 \u00a056 ,\u00a0\u00a0<a href=\"http:\/\/www.epocha.cz\"> www.epocha.cz<\/a><\/p>\n<p>Eturnity, 144,\u00a0<a href=\"https:\/\/evaturnova.cz\/\">www.evaturnova.cz<\/a><\/p>\n<p><strong>G<\/strong><\/p>\n<p>Galerie a muzeum Vyso\u010diny Havl\u00ed\u010dk\u016fv Brod,\u00a0 126,\u00a0\u00a0<a href=\"https:\/\/gmvhb.cz\/\">www:gmvhb.cz<\/a><\/p>\n<p>George Publishing s.r.o., 105,\u00a0<a href=\"https:\/\/www.georgepublishing.cz\/\">www.georgepublishing.cz<\/a><\/p>\n<p>Golden Dog , 31 ,\u00a0 \u00a0<a href=\"http:\/\/www.goldendog.cz\">www.goldendog.cz<\/a><\/p>\n<p>Grada Publishing, a.s. ,\u00a0 virtu\u00e1ln\u00ed veletrh , <a href=\"http:\/\/www.grada.cz\">\u00a0www.grada.cz<\/a><\/p>\n<p><strong>H, CH<\/strong><\/p>\n<p>Nakladatelstv\u00ed Hejkal,\u00a0 \u00a0203,\u00a0<a href=\"http:\/\/www.hejkal.cz\"> www.hejkal.cz<\/a><\/p>\n<p>Historick\u00fd \u00fastav AV \u010cR, v.v.i.,\u00a0 \u00a071,\u00a0 \u00a0<a href=\"http:\/\/www.hiu.cas.cz\/cs\/\">www.hiu.cas.cz\/cs\/<\/a><\/p>\n<p>Klub v\u00fdtvarn\u00fdch um\u011blc\u016f Hor\u00e1cka, 99,\u00a0<a href=\"http:\/\/kvuh.cz\/\">http:\/\/kvuh.cz\/<\/a><\/p>\n<p>Hor\u00e1ck\u00e1 galerie v Nov\u00e9m M\u011bst\u011b na Morav\u011b, 99<\/p>\n<p>Hospic Mezi stromy, 132,\u00a0<a href=\"https:\/\/hospicmezistromy.cz\/\">www.hospicmezistromy.cz<\/a><\/p>\n<p>HOST &#8211; vydavatelstv\u00ed, s.r.o. ,\u00a0 \u00a032 ,\u00a0\u00a0<a href=\"http:\/\/www.hostbrno.cz\">www.hostbrno.cz<\/a><\/p>\n<p>Charita d\u011btem, 39.6<\/p>\n<p><strong>\u00a0J<\/strong><\/p>\n<p>Parola &#8211; Jihlavsk\u00e9 listy ,\u00a0 205 ,\u00a0 \u00a0<a href=\"http:\/\/www.jihlavske-listy.cz\">www.jihlavske-listy.cz<\/a><\/p>\n<p>Jirkovo nakladatelstv\u00ed, 146,\u00a0<a href=\"https:\/\/www.samnaceste.cz\/\">www.samnaceste.cz<\/a><\/p>\n<p>Franti\u0161ka Jirousov\u00e1, 22,\u00a0<a href=\"https:\/\/www.statek-uprostred.cz\/\">https:\/\/www.statek-uprostred.cz\/<\/a><\/p>\n<p>Nakladatelstv\u00ed JOTA, s.r.o. ,\u00a0 \u00a0 40 ,\u00a0 \u00a0\u00a0<a href=\"http:\/\/www.jota.cz\">www.jota.cz<\/a><\/p>\n<p><strong>K<\/strong><\/p>\n<p>Kanopa, s.r.o., 21,\u00a0<a href=\"https:\/\/www.kanopa.cz\/\">www.kanopa.cz<\/a><\/p>\n<p>UK, Nakladatelstv\u00ed Karolinum,\u00a0 \u00a065,\u00a0 \u00a0<a href=\"http: \/\/karolinum.cz\">\u00a0http: \/\/karolinum.cz<\/a><\/p>\n<p>Nakladatelstv\u00ed KAZDA, s.r.o. , 64 ,\u00a0 \u00a0\u00a0<a href=\"http:\/\/www.knihykazda.cz\">www.knihykazda.cz<\/a><\/p>\n<p>K\u00e9tos Verlag, 129,\u00a0<a href=\"https:\/\/www.ketos.at\/\">www.ketos.at<\/a><\/p>\n<p>Knihovna a tisk\u00e1rna pro nevidom\u00e9 K. E. Macana, 125,\u00a0 \u00a0 <a href=\"http:\/\/www.ktn.cz\">www.ktn.cz<\/a><\/p>\n<p>Miroslav Tome\u0161 Kor\u010d\u00e1go,\u00a0 187<\/p>\n<p>Krajsk\u00e1 knihovna Vyso\u010diny, 99 ,\u00a0<a href=\"http:\/\/www.kkvysociny.cz\">\u00a0www.kkvysociny.cz<\/a><\/p>\n<p>M\u00edla K\u0159\u00ed\u017eek, 208,\u00a0<a href=\"https:\/\/macroworld.cz\/\">www.macroworld.cz<\/a><\/p>\n<p>Martin Kune\u0161, 184<\/p>\n<p><strong>L<\/strong><\/p>\n<p>Labradosti ,\u00a0 183,\u00a0 \u00a0<a href=\"http:\/\/www.labradosti.cz\/\">www.labradosti.cz<\/a><\/p>\n<p>Lingea s.r.o.,\u00a0 80,\u00a0\u00a0<a href=\"http:\/\/www.lingea.cz\">www.lingea.cz<\/a><\/p>\n<p>Littera Silesia, 54,\u00a0 <a href=\"https:\/\/www.evatvrda.cz\/\">www.evatvrda.cz<\/a><\/p>\n<p>Los\u00ed hn\u00edzdo s.r.o.,\u00a0 128,\u00a0\u00a0<a href=\"http:\/\/www.LosiHnizdo.cz\"> www.LosiHnizdo.cz<\/a><\/p>\n<p>Lowlands International s.r.o., 39.1,\u00a0<a href=\"https:\/\/www.kreativni-hracky.com\/\">www.kreativni-hracky.com<\/a><\/p>\n<p>Lucie Strnadov\u00e1 &#8211; LuStr Books,\u00a0 184,\u00a0\u00a0<a href=\"https:\/\/www.luciestrnadova.cz\/\">www.luciestrnadova.cz<\/a><\/p>\n<p><strong>M<\/strong><\/p>\n<p>Madal Bal, a.s. ,\u00a0 \u00a094,\u00a0<a href=\"https:\/\/knihy.madalbal.cz\/\">https:\/\/knihy.madalbal.cz\/<\/a><\/p>\n<p>Malvern, 22, <a href=\"https:\/\/www.malvern.cz\/\">https:\/\/www.malvern.cz\/<\/a><\/p>\n<p>M\u00c1M TALENT nakladatelstv\u00ed,\u00a0 112,\u00a0<a href=\"http:\/\/www.mam-talent.eu\">www.mam-talent.eu<\/a><\/p>\n<p>Masarykova univerzita\/ Munipress,\u00a0 55,\u00a0\u00a0<a href=\"http:\/\/www.press.muni.cz\">www.press.muni.cz<\/a><\/p>\n<p>Nakladatelstv\u00ed Meander ,\u00a0 \u00a0141 ,\u00a0 \u00a0 \u00a0<a href=\"http:\/\/www.meander.cz\">www.meander.cz<\/a><\/p>\n<p>Meridione s.r.o., 70,\u00a0<a href=\"https:\/\/www.meridione.cz\/\">www.meridione.cz<\/a><\/p>\n<p>Pavel Mervart, 39.4, <a href=\"http:\/\/www.pavelmervart.cz\/\">http:\/\/www.pavelmervart.cz\/<\/a><\/p>\n<p>M\u011bstsk\u00e9 divadlo a kino Ostrov, 124, <a href=\"https:\/\/mdko.cz\/\">www.mdko.cz<\/a><\/p>\n<p>M\u011bstys Havl\u00ed\u010dkova Borov\u00e1, 131,\u00a0<a href=\"https:\/\/www.havlickovaborova.cz\/\">www.havlickovaborova.cz<\/a><\/p>\n<p>MINDOK s.r.o.,\u00a0 86,\u00a0 \u00a0\u00a0<a href=\"http:\/\/www.mindok.cz\">www.mindok.cz<\/a><\/p>\n<p>Moravsk\u00e1 Bastei MOBA, s.r.o.,\u00a0 46 ,\u00a0<a href=\"http:\/\/www.mobaknihy.cz\"> www.mobaknihy.cz<\/a><\/p>\n<p>MS studio, s.r.o. ,\u00a0 \u00a0 155,\u00a0 \u00a0<a href=\"http:\/\/www.ms-studio.cz\">www.ms-studio.cz<\/a><\/p>\n<p>M\u016fj V\u00fdletn\u00edk, 110,\u00a0<a href=\"https:\/\/www.mujvyletnik.cz\/\">https:\/\/www.mujvyletnik.cz\/<\/a><\/p>\n<p>Muzeum Vyso\u010diny Jihlava, 147,\u00a0<a href=\"http:\/\/www.mvji.cz\">www.mvji.cz<\/a><\/p>\n<p>MYSTERY FILM,\u00a0 \u00a0104,\u00a0 \u00a0<a href=\"http:\/\/www.mysteryfilm.cz\">www.mysteryfilm.cz<\/a><\/p>\n<p>Mystery Press, s.r.o.,\u00a0 45,\u00a0 \u00a0 \u00a0<a href=\"http:\/\/www.mysterypress.cz\">www.mysterypress.cz<\/a><\/p>\n<p><strong>N<\/strong><\/p>\n<p>Nakladatelstv\u00ed 65. pole, 92,\u00a0<a href=\"https:\/\/www.65pole.cz\/\">www.65pole.cz<\/a><\/p>\n<p>N\u00e1rodn\u00ed pedagogick\u00e9 muzeum a knihovna J. A. Komensk\u00e9ho, 122,\u00a0<a href=\"https:\/\/npmk.gov.cz\/\">www.npmk.cz<\/a><\/p>\n<p>Nakladatelstv\u00ed Neklidn\u00e1 r\u016f\u017ee, 145,\u00a0<a href=\"https:\/\/nakladatelstvi-neklidnaruze.cz\/\">www.nakladatelstvi-neklidnaruze.cz<\/a><\/p>\n<p>Daniel Pag\u00e1\u010d\/NEMOHUJINAK.CZ,\u00a0 153 ,<a href=\"http:\/\/www.nemohujinak.cz\">\u00a0www.nemohujinak.cz<\/a><\/p>\n<p>Novela bohemica, s. r. o. ,\u00a0 \u00a028 ,\u00a0 \u00a0\u00a0<a href=\"http:\/\/www.novelabohemica.cz\">www.novelabohemica.cz<\/a><\/p>\n<p><strong>O<\/strong><\/p>\n<p>Obec p\u0159ekladatel\u016f, 109,\u00a0<a href=\"http:\/\/www.obecprekladatelu.cz\/\">www.obecprekladatelu.cz<\/a><\/p>\n<p>Luk\u00e1\u0161 Ondr\u00e1\u010dek, 20<\/p>\n<p>Ing. Martin Pila\u0159 \/ One Hot Book, 90,\u00a0 \u00a0<a href=\"http:\/\/www.onehotbook.cz\">www.onehotbook.cz<\/a><\/p>\n<p>Ostravsk\u00e1 univerzita, 61, <a href=\"https:\/\/oushop.osu.cz\/\">www.oushop.osu.cz<\/a><\/p>\n<p><strong>P<\/strong><\/p>\n<p>PNP\/Petrkov\/Muzeum literatury , 120,\u00a0<a href=\"https:\/\/www.muzeumliteratury.cz\/petrkov\">www.muzeumliteratury.cz\/petrkov<\/a><\/p>\n<p>Nakladatelstv\u00ed Pampeli\u0161kov, virtu\u00e1ln\u00ed veletrh, <a href=\"https:\/\/www.nakladatelstvipampeliskov.cz\/o-nas\/\">www.nakladatelstvipampeliskov.cz<\/a><\/p>\n<p>Kate\u0159ina Pa\u0159\u00edzkov\u00e1, 192,\u00a0<a href=\"https:\/\/poutnicestahajek.cz\/\">www.poutnicestahajek.cz<\/a><\/p>\n<p>Nakladatelstv\u00ed Petrkov ,\u00a0 161 ,\u00a0<a href=\"http:\/\/www.petrkov.cz\/\">http:\/\/www.petrkov.cz\/<\/a><\/p>\n<p>Nakladatelstv\u00ed P3K s.r.o., 156,\u00a0<a href=\"https:\/\/www.p3k.cz\/\">www.p3k.cz<\/a><\/p>\n<p>Piatnik Praha s.r.o.,\u00a0 97,\u00a0 \u00a0\u00a0<a href=\"http:\/\/www.piatnik.cz\">www.piatnik.cz<\/a><\/p>\n<p>Pink Box Philospohy s.r.o., 140,\u00a0<a href=\"https:\/\/www.pinkbox.org\/\">www.pinkbox.org<\/a><\/p>\n<p>Pipasik s.r.o., 142,\u00a0<a href=\"https:\/\/www.pipasik.cz\/\">www.pipasik.cz<\/a><\/p>\n<p>Planeta 9 ,\u00a0 31,\u00a0 \u00a0<a href=\"http:\/\/www.planeta9.cz\"> www.planeta9.cz<\/a><\/p>\n<p>Podzimn\u00ed kni\u017en\u00ed veletrh, 203,\u00a0<a href=\"https:\/\/www.hejkal.cz\/veletrh\/\">www.hejkal.cz<\/a><\/p>\n<p>PORT\u00c1L, s.r.o. ,\u00a0 \u00a037 ,\u00a0 \u00a0<a href=\"http:\/\/www.portal.cz\">www.portal.cz<\/a><\/p>\n<p>Pozdn\u00ed sb\u011br s.r.o.,\u00a0 2,\u00a0 \u00a0\u00a0<a href=\"http:\/\/www.pozdnisberhb.cz\">www.pozdnisberhb.cz<\/a><\/p>\n<p>Nakladatelstv\u00ed Pr\u00e1h, s.r.o., 42,\u00a0<a href=\"https:\/\/www.prah.cz\/\">www.prah.cz<\/a><\/p>\n<p>PRESCO GROUP,\u00a0 98A,\u00a0 \u00a0<a href=\"http:\/\/www.ellamax.cz\">www.ellamax.cz<\/a><\/p>\n<p>Nakladatelstv\u00ed Petr Prchal, 73,\u00a0 \u00a0<a href=\"https:\/\/seifertova.cz\/\">https:\/\/seifertova.cz\/<\/a><\/p>\n<p>Mgr. Lenka Proch\u00e1zkov\u00e1 ,\u00a0 180,\u00a0 \u00a0<a href=\"http:\/\/www.obrazkovyostrov.cz\">www.obrazkovyostrov.cz<\/a><\/p>\n<p>Protimluv z.s., 121,\u00a0<a href=\"https:\/\/protimluv.net\/\">www.protimluv.net<\/a><\/p>\n<p>Pygmalino, 113, <a href=\"https:\/\/www.pygmalino.cz\/#:~:text=Uspo%C5%99%C3%A1dejte%20z%C3%A1vod%20ve%20sk%C3%A1k%C3%A1n%C3%AD%20na%20zahrad%C4%9B,%20h%C5%99i%C5%A1ti%20nebo%20v%20m%C3%ADstnosti\">www.pygmalino.cz<\/a><\/p>\n<p><strong>R, \u0158<\/strong><\/p>\n<p>Daniela Radeck\u00fd, 111<\/p>\n<p>Radioservis a.s. ,\u00a0 \u00a010,\u00a0 \u00a0\u00a0<a href=\"http:\/\/www.radioteka.cz\">www.radioteka.cz<\/a><\/p>\n<p>Helena Rezkov\u00e1, 158,\u00a0<a href=\"https:\/\/www.regiona.cz\/nakladatelstvi.html\">www.regiona.cz<\/a><\/p>\n<p>Nakladatelstv\u00ed Romeo, 200,\u00a0<a href=\"https:\/\/www.nakladatelstvi-romeo.cz\/\">www.nakladatelstvi-romeo.cz<\/a><\/p>\n<p>Ing. Martin Ryb\u00e1\u0159, 192,\u00a0<a href=\"https:\/\/emarty.webnode.cz\/\">https:\/\/emarty.webnode.cz\/<\/a><\/p>\n<p>Vydavatelstv\u00ed Ji\u0159\u00ed \u0158\u00edha,\u00a0 virtu\u00e1ln\u00ed veletrh,\u00a0 \u00a0<a href=\"http:\/\/www.rihaknihy.cz\">www.rihaknihy.cz<\/a><\/p>\n<p><strong>S, \u0160<\/strong><\/p>\n<p>SEQOY,\u00a0 \u00a031,\u00a0 <a href=\"http:\/\/www.seqoy.cz\">www.seqoy.cz<\/a><\/p>\n<p>Ivo Skopal, 202, <a href=\"https:\/\/www.ivoskopal.cz\/\">www.ivoskopal.cz<\/a><\/p>\n<p>Smart Press, 91,\u00a0<a href=\"https:\/\/smartpress.cz\/\">https:\/\/smartpress.cz\/<\/a><\/p>\n<p>Milan Sochora, 208<\/p>\n<p>Sousedsk\u00e1, z.s., 99<\/p>\n<p>Sphera, 53,\u00a0<a href=\"https:\/\/www.mapcards.cz\/\">www.spheraknihy.cz<\/a><\/p>\n<p>Spolek pro Sedl\u010dansko a Kr\u00e1lov\u00e9hradecko z.s., 39.4,\u00a0<a href=\"https:\/\/www.marketavitkova.cz\/\">https:\/\/www.marketavitkova.cz\/<\/a><\/p>\n<p>Stair Jumper, 43,\u00a0<a href=\"https:\/\/stairjumper.cz\/\">www.stairjumper.cz<\/a><\/p>\n<p>Nakladatelstv\u00ed Stehl\u00edk, 39.4,\u00a0<a href=\"https:\/\/www.knihystehlik.eu\/\">https:\/\/www.knihystehlik.eu\/<\/a><\/p>\n<p>Jana Such\u00e1 Klime\u0161ov\u00e1, 184,\u00a0<a href=\"https:\/\/www.ucitelkazlesa.cz\/\">www.ucitelkazlesa.cz<\/a><\/p>\n<p>Nakladatelstv\u00ed SUN, s.r.o.,\u00a0 85,\u00a0\u00a0<a href=\"http:\/\/www.sun-knihy.cz\">www.sun-knihy.cz<\/a><\/p>\n<p>Svaz \u010desk\u00fdch knihkupc\u016f a nakladatel\u016f, virtu\u00e1ln\u00ed veletrh,\u00a0<a href=\"https:\/\/www.sckn.cz\/\">www.sckn.cz<\/a><\/p>\n<p>\u0160\u00ed\u0159en\u00ed p\u00edsma svat\u00e9ho, 18,\u00a0 \u00a0<a href=\"http:\/\/www.sirenipismasvateho.cz\">www.sirenipismasvateho.cz<\/a><\/p>\n<p>\u0160ULC &#8211; \u0160VARC, s.r.o.,\u00a0 \u00a0 74,\u00a0 \u00a0\u00a0<a href=\"http:\/\/www.eshop.sulc-svarc.cz\">www.eshop.sulc-svarc.cz<\/a><\/p>\n<p>Nakladatelstv\u00ed \u0160upl\u00edk, s.r.o.,\u00a0 \u00a0157,\u00a0 \u00a0\u00a0<a href=\"http:\/\/www.suplik.cz\">www.suplik.cz<\/a><\/p>\n<p><strong>T<\/strong><\/p>\n<p>Tajemn\u00e9 Beskydy, 185,\u00a0<a href=\"https:\/\/beskydske-bytosti.cz\/\">www.beskydske-bytosti.cz<\/a><\/p>\n<p>Tebenas, 27, <a href=\"https:\/\/www.tebenas.cz\/\">www.tebenas.cz<\/a><\/p>\n<p>Nikola Teclov\u00e1, 208<\/p>\n<p>Tisk\u00e1rny Havl\u00ed\u010dk\u016fv\u00a0 Brod, a.s.,\u00a0 \u00a084,\u00a0 \u00a0\u00a0<a href=\"http:\/\/www.thb.cz\">www.thb.cz<\/a><\/p>\n<p>Tou\u017eimsk\u00fd a Moravec, 150,\u00a0<a href=\"https:\/\/www.touzimskyamoravec.cz\/\">www.touzimskyamoravec.cz<\/a><\/p>\n<p><strong>U<\/strong><\/p>\n<p>Univerzita Palack\u00e9ho-Vydavatelstv\u00ed UP, 75,\u00a0 \u00a0<a href=\"http:\/\/www.vydavatelstvi.upol.cz\">www.vydavatelstvi.upol.cz<\/a><\/p>\n<p>Univerzita Pardubice,\u00a0 \u00a0 66,\u00a0\u00a0<a href=\"https:\/\/eshop.upce.cz\/publikace\">www.upce.cz<\/a><\/p>\n<p>Miroslav Urban , 103 ,\u00a0<a href=\"http:\/\/medurban.cz\/\">\u00a0 http:\/\/medurban.cz\/<\/a><\/p>\n<p>\u00dastav nez\u00e1visl\u00e9 \u017eurnalistiky, 210,\u00a0<a href=\"https:\/\/hlidacipes.org\/\">https:\/\/hlidacipes.org\/<\/a><\/p>\n<p><strong>V<\/strong><\/p>\n<p>V l\u00e1sce spolu, 151,\u00a0<a href=\"http:\/\/www.vlascespolu.cz\/\">http:\/\/www.vlascespolu.cz\/<\/a><\/p>\n<p>Ing. Josef Va\u0161\u00ed\u010dek a Mgr. Jakub Tauber, 99,\u00a0<a href=\"https:\/\/www.cecek.com\/\">https:\/\/www.cecek.com\/<\/a><\/p>\n<p>Pavel \u0160ev\u010d\u00edk &#8211; Veduta, 39.4,\u00a0<a href=\"https:\/\/www.sevcik-veduta.cz\/\">https:\/\/www.sevcik-veduta.cz\/<\/a><\/p>\n<p>Marie Vejvodov\u00e1, 192<\/p>\n<p>Alena Velik\u00e1, 99<\/p>\n<p>V\u011btrn\u00e9 ml\u00fdny, 19,\u00a0<a href=\"https:\/\/www.vetrnemlyny.cz\/\">https:\/\/www.vetrnemlyny.cz\/<\/a><\/p>\n<p>V\u00edde\u0148sk\u00e9 svobodn\u00e9 listy, 129,\u00a0<a href=\"https:\/\/viden-vsl.at\/\">https:\/\/viden-vsl.at\/<\/a><\/p>\n<p>V\u00edt Vodr\u00e1\u017eka, 184,\u00a0<a href=\"https:\/\/www.spolekepigram.cz\/\">https:\/\/www.spolekepigram.cz\/<\/a><\/p>\n<p>VOLVOX\u00a0 GLOBATOR,\u00a0 \u00a0 50,\u00a0 \u00a0 \u00a0\u00a0<a href=\"http:\/\/www.volvox.cz\">www.volvox.cz<\/a><\/p>\n<p>VUT v Brn\u011b, Nakl. VUTIUM,\u00a0 72 ,\u00a0 \u00a0<a href=\"http:\/\/www.vut.cz\/vutium\">www.vut.cz\/vutium<\/a><\/p>\n<p>Vyso\u010dina Tourism, 127,\u00a0<a href=\"https:\/\/www.vysocinatourism.cz\/\">www.vysocinatourism.cz<\/a><\/p>\n<p>Vyso\u010dina West, 123,\u00a0<a href=\"https:\/\/vysocinawest.cz\/\">https:\/\/vysocinawest.cz\/<\/a><\/p>\n<p><strong>Z<\/strong><\/p>\n<p>Luk\u00e1\u0161 Z\u00e1rybnick\u00fd, 202<\/p>\n<p>Region\u00e1ln\u00ed muzeum m\u011bsta \u017d\u010f\u00e1ru nad S\u00e1zavou, 99,\u00a0<a href=\"https:\/\/muzeum.zdarns.cz\/\">https:\/\/muzeum.zdarns.cz\/<\/a><\/p>\n","protected":false},"excerpt":{"rendered":"<p>Abecedn\u00ed seznam vystavovatel\u016f 35. Podzimn\u00edho kni\u017en\u00edho veletrhu s \u010d\u00edsly st\u00e1nk\u016f a webov\u00fdmi str\u00e1nkami A Academia, 61,\u00a0www.academia.cz Advent &#8211; Orion, spol. s r.o. , 98 ,\u00a0\u00a0www.adventorion.cz Filip Tom\u00e1\u0161 &#8211; Akropolis, virtu\u00e1ln\u00ed veletrh, https:\/\/akropolis.info\/ Albatros Media a.s. , 83 ,\u00a0www.albatrosmedia.cz Albi \u010cesk\u00e1 republika a.s. , 39.3,\u00a0\u00a0www.albi.cz Josef Kodet\/ Altenberg, 154,\u00a0\u00a0 www.alten-berg.cz Nakladatelstv\u00ed ALTER, s.r.o. , 93 ,\u00a0\u00a0www.alter.cz &hellip; <a href=\"http:\/\/www.hejkal.cz\/veletrh\/informace-pro-navstevniky\/seznam-vystavovatelu\/\" class=\"more-link\">Pokra\u010dov\u00e1n\u00ed textu <span class=\"screen-reader-text\">Seznam vystavovatel\u016f 35. Podzimn\u00edho kni\u017en\u00edho veletrhu<\/span><\/a><\/p>\n","protected":false},"author":3,"featured_media":0,"parent":30,"menu_order":0,"comment_status":"closed","ping_status":"closed","template":"","meta":[],"_links":{"self":[{"href":"http:\/\/www.hejkal.cz\/veletrh\/wp-json\/wp\/v2\/pages\/226"}],"collection":[{"href":"http:\/\/www.hejkal.cz\/veletrh\/wp-json\/wp\/v2\/pages"}],"about":[{"href":"http:\/\/www.hejkal.cz\/veletrh\/wp-json\/wp\/v2\/types\/page"}],"author":[{"embeddable":true,"href":"http:\/\/www.hejkal.cz\/veletrh\/wp-json\/wp\/v2\/users\/3"}],"replies":[{"embeddable":true,"href":"http:\/\/www.hejkal.cz\/veletrh\/wp-json\/wp\/v2\/comments?post=226"}],"version-history":[{"count":217,"href":"http:\/\/www.hejkal.cz\/veletrh\/wp-json\/wp\/v2\/pages\/226\/revisions"}],"predecessor-version":[{"id":3043,"href":"http:\/\/www.hejkal.cz\/veletrh\/wp-json\/wp\/v2\/pages\/226\/revisions\/3043"}],"up":[{"embeddable":true,"href":"http:\/\/www.hejkal.cz\/veletrh\/wp-json\/wp\/v2\/pages\/30"}],"wp:attachment":[{"href":"http:\/\/www.hejkal.cz\/veletrh\/wp-json\/wp\/v2\/media?parent=226"}],"curies":[{"name":"wp","href":"https:\/\/api.w.org\/{rel}","templated":true}]}}