{"id":2125,"date":"2023-10-08T13:39:00","date_gmt":"2023-10-08T11:39:00","guid":{"rendered":"http:\/\/www.hejkal.cz\/veletrh\/?page_id=2125"},"modified":"2025-10-09T16:04:10","modified_gmt":"2025-10-09T14:04:10","slug":"prihlaska","status":"publish","type":"page","link":"http:\/\/www.hejkal.cz\/veletrh\/informace-pro-vystavovatele\/prihlaska\/","title":{"rendered":"P\u0159ihl\u00e1\u0161ka na 36. Podzimn\u00ed kni\u017en\u00ed veletrh"},"content":{"rendered":"<p>P\u0159ihla\u0161uji se jako vystavovatel na 36. Podzimn\u00ed kni\u017en\u00ed veletrh, konan\u00fd v Havl\u00ed\u010dkov\u011b Brod\u011b 16. a 17. \u0159\u00edjna 2026, a objedn\u00e1v\u00e1m z\u00e1vazn\u011b:<\/p>\n<div role=\"form\" class=\"wpcf7\" id=\"wpcf7-f3058-o1\" lang=\"cs-CZ\" dir=\"ltr\">\n<div class=\"screen-reader-response\"><\/div>\n<form action=\"\/veletrh\/wp-json\/wp\/v2\/pages\/2125#wpcf7-f3058-o1\" method=\"post\" class=\"wpcf7-form\" novalidate=\"novalidate\">\n<div style=\"display: none;\">\n<input type=\"hidden\" name=\"_wpcf7\" value=\"3058\" \/>\n<input type=\"hidden\" name=\"_wpcf7_version\" value=\"5.0.1\" \/>\n<input type=\"hidden\" name=\"_wpcf7_locale\" value=\"cs_CZ\" \/>\n<input type=\"hidden\" name=\"_wpcf7_unit_tag\" value=\"wpcf7-f3058-o1\" \/>\n<input type=\"hidden\" name=\"_wpcf7_container_post\" value=\"0\" \/>\n<\/div>\n<p><b>V\u0161echny uveden\u00e9 ceny plat\u00ed pouze p\u0159i odesl\u00e1n\u00ed p\u0159ihl\u00e1\u0161ky do konce listopadu 2025!<\/b><\/p>\n<hr\/>\n<p><span class=\"wpcf7-form-control-wrap VelkychTM\"><input type=\"text\" name=\"VelkychTM\" value=\"\" size=\"40\" maxlength=\"1\" class=\"wpcf7-form-control wpcf7-text\" id=\"t1\" aria-invalid=\"false\" \/><\/span> \u00d7 velk\u00fdch tr\u017en\u00edch m\u00edst po 13 400 K\u010d<br \/>\n<span class=\"wpcf7-form-control-wrap VelkeTMsal\"><span class=\"wpcf7-form-control wpcf7-checkbox wpcf7-exclusive-checkbox\"><span class=\"wpcf7-list-item first\"><input type=\"checkbox\" name=\"VelkeTMsal\" value=\"v hlavn\u00edm s\u00e1le\" \/><span class=\"wpcf7-list-item-label\">v hlavn\u00edm s\u00e1le<\/span><\/span><span class=\"wpcf7-list-item last\"><input type=\"checkbox\" name=\"VelkeTMsal\" value=\"na jevi\u0161ti\" \/><span class=\"wpcf7-list-item-label\">na jevi\u0161ti<\/span><\/span><\/span><\/span><br \/>\n(P\u0159\u00edplatek za um\u00edst\u011bn\u00ed v hlavn\u00edm s\u00e1le a na jevi\u0161ti je 2 400 K\u010d\/1 m\u00edsto.)\n<\/p>\n<p><span class=\"wpcf7-form-control-wrap MalychTM\"><input type=\"text\" name=\"MalychTM\" value=\"\" size=\"2\" class=\"wpcf7-form-control wpcf7-text\" id=\"t1\" aria-invalid=\"false\" \/><\/span> \u00d7 mal\u00fdch tr\u017en\u00edch m\u00edst po 7 100 K\u010d<\/p>\n<p>(Sou\u010d\u00e1st\u00ed tr\u017en\u00edch m\u00edst je i m\u00edsto na virtu\u00e1ln\u00edm veletrhu.)<\/p>\n<p><span class=\"wpcf7-form-control-wrap SpoluvystavovatelPoplatek\"><input type=\"text\" name=\"SpoluvystavovatelPoplatek\" value=\"\" size=\"2\" class=\"wpcf7-form-control wpcf7-text\" id=\"t1\" aria-invalid=\"false\" \/><\/span> \u00d7 poplatek za spoluvystavovatele za 600 K\u010d<\/p>\n<p><span class=\"wpcf7-form-control-wrap AutorskeMisto\"><input type=\"text\" name=\"AutorskeMisto\" value=\"\" size=\"2\" class=\"wpcf7-form-control wpcf7-text\" id=\"t1\" aria-invalid=\"false\" \/><\/span> \u00d7 autorsk\u00e9 m\u00edsto za 1 000 K\u010d<\/p>\n<p><span class=\"wpcf7-form-control-wrap VirtualniVeletrh\"><input type=\"text\" name=\"VirtualniVeletrh\" value=\"\" size=\"2\" class=\"wpcf7-form-control wpcf7-text\" id=\"t1\" aria-invalid=\"false\" \/><\/span> \u00d7 m\u00edst na virtu\u00e1ln\u00edm veletrhu po 600 K\u010d  (pro vystavovatele zdarma)<\/p>\n<p><span class=\"wpcf7-form-control-wrap StranInzerce\"><input type=\"text\" name=\"StranInzerce\" value=\"\" size=\"2\" class=\"wpcf7-form-control wpcf7-text\" id=\"t1\" aria-invalid=\"false\" \/><\/span> stran inzerce v katalogu po 4 000 K\u010d<\/p>\n<p><span class=\"wpcf7-form-control-wrap Vstupenek\"><input type=\"text\" name=\"Vstupenek\" value=\"\" size=\"5\" class=\"wpcf7-form-control wpcf7-text\" id=\"t1\" aria-invalid=\"false\" \/><\/span> \u00d7 slosovateln\u00fdch vstupenek po 90 K\u010d \/ pro vystavovatele po 15 K\u010d<\/p>\n<p><span class=\"wpcf7-form-control-wrap ParkKarta\"><input type=\"text\" name=\"ParkKarta\" value=\"\" size=\"2\" class=\"wpcf7-form-control wpcf7-text\" id=\"t1\" aria-invalid=\"false\" \/><\/span> \u00d7 parkovac\u00ed kartu za 500 K\u010d<\/p>\n<p><span class=\"wpcf7-form-control-wrap PripElPr\"><input type=\"text\" name=\"PripElPr\" value=\"\" size=\"2\" class=\"wpcf7-form-control wpcf7-text\" id=\"t1\" aria-invalid=\"false\" \/><\/span> \u00d7 p\u0159\u00edpojku elektrick\u00e9ho proudu za 1 500 K\u010d<\/p>\n<p><span class=\"wpcf7-form-control-wrap PronajemS1S2pocet\"><input type=\"text\" name=\"PronajemS1S2pocet\" value=\"\" size=\"2\" class=\"wpcf7-form-control wpcf7-text\" id=\"t1\" aria-invalid=\"false\" \/><\/span> \u00d7 pron\u00e1jem salonku 1 nebo salonku 2 za 400 K\u010d na 40 minut<br \/>\n  na term\u00edn: <span class=\"wpcf7-form-control-wrap PronajemS1S2termin\"><input type=\"text\" name=\"PronajemS1S2termin\" value=\"\" size=\"20\" class=\"wpcf7-form-control wpcf7-text\" id=\"t30\" aria-invalid=\"false\" \/><\/span><br \/>\n(cena zahrnuje ozvu\u010den\u00ed, voln\u00e9 term\u00edny najdete <a href=\"http:\/\/www.hejkal.cz\/veletrh\/informace-pro-vystavovatele\/tabulka-programu-34\/\">zde<\/a>)\n<\/p>\n<p>\n<span class=\"wpcf7-form-control-wrap PronajemSchodySalpocet\"><input type=\"text\" name=\"PronajemSchodySalpocet\" value=\"\" size=\"2\" class=\"wpcf7-form-control wpcf7-text\" id=\"t1\" aria-invalid=\"false\" \/><\/span> \u00d7 schody nebo s\u00e1l Krajsk\u00e9 knihovny Vyso\u010diny<br \/>\nna term\u00edn:: <span class=\"wpcf7-form-control-wrap PronajemSchodySaltermin\"><input type=\"text\" name=\"PronajemSchodySaltermin\" value=\"\" size=\"20\" class=\"wpcf7-form-control wpcf7-text\" id=\"t30\" aria-invalid=\"false\" \/><\/span><br \/>\n(ozvu\u010den\u00ed, dataprojektor, voln\u00e9 term\u00edny najdete <a href=\"http:\/\/www.hejkal.cz\/veletrh\/informace-pro-vystavovatele\/tabulka-programu-34\/\">zde<\/a>)\n<\/p>\n<p><span class=\"wpcf7-form-control-wrap ModerovaniPocet\"><input type=\"text\" name=\"ModerovaniPocet\" value=\"\" size=\"2\" class=\"wpcf7-form-control wpcf7-text\" id=\"t1\" aria-invalid=\"false\" \/><\/span> \u00d7  slu\u017eby moder\u00e1tora za 350 K\u010d\/po\u0159ad<br \/>\n  zadejte kontakt (telefon, e-mail), ozveme se v\u00e1m: <span class=\"wpcf7-form-control-wrap ModerovaniKontakt\"><input type=\"text\" name=\"ModerovaniKontakt\" value=\"\" size=\"20\" class=\"wpcf7-form-control wpcf7-text\" id=\"t30\" aria-invalid=\"false\" \/><\/span><br \/>\n(moderovat budou poslucha\u010di a absolventi Letn\u00ed \u017eurnalistick\u00e9 \u0161koly Karla Havl\u00ed\u010dka Borovsk\u00e9ho, na konci srpna se s nakladateli\/autory spoj\u00ed a p\u0159iprav\u00ed program dle domluvy)\n<\/p>\n<hr\/>\n<p>Spoluvystavovatel: n\u00e1zev, adresa, telefon, e-mail, www str\u00e1nky<br \/>\n(Poplatek za spoluvystavovatele je 600 K\u010d)<br \/>\n    <span class=\"wpcf7-form-control-wrap Spoluvystavovatel\"><textarea name=\"Spoluvystavovatel\" cols=\"60\" rows=\"3\" class=\"wpcf7-form-control wpcf7-textarea\" aria-invalid=\"false\"><\/textarea><\/span> <\/p>\n<hr\/>\n<p>Pozn\u00e1mka: (po\u017eadavky na um\u00edst\u011bn\u00ed, dodatky, up\u0159esn\u011bn\u00ed aj.)<br \/>\n    <span class=\"wpcf7-form-control-wrap Poznamka\"><textarea name=\"Poznamka\" cols=\"60\" rows=\"3\" class=\"wpcf7-form-control wpcf7-textarea\" aria-invalid=\"false\"><\/textarea><\/span> <\/p>\n<hr\/>\n<p><span class=\"tabulka\">N\u00e1zev firmy:<\/span><span class=\"wpcf7-form-control-wrap NazevFirmy\"><input type=\"text\" name=\"NazevFirmy\" value=\"\" size=\"20\" class=\"wpcf7-form-control wpcf7-text wpcf7-validates-as-required\" id=\"t30\" aria-required=\"true\" aria-invalid=\"false\" \/><\/span>\n<\/p>\n<p><span class=\"tabulka\">Kontaktn\u00ed osoba:<\/span><span class=\"wpcf7-form-control-wrap KontaktniOsoba\"><input type=\"text\" name=\"KontaktniOsoba\" value=\"\" size=\"20\" class=\"wpcf7-form-control wpcf7-text wpcf7-validates-as-required\" id=\"t30\" aria-required=\"true\" aria-invalid=\"false\" \/><\/span>\n<\/p>\n<p><span class=\"tabulka\">I\u010cO:<\/span><span class=\"wpcf7-form-control-wrap ICO\"><input type=\"text\" name=\"ICO\" value=\"\" size=\"20\" class=\"wpcf7-form-control wpcf7-text\" id=\"t30\" aria-invalid=\"false\" \/><\/span>\n<\/p>\n<p><span class=\"tabulka\">DI\u010c (pl\u00e1tci DPH):<\/span><span class=\"wpcf7-form-control-wrap DIC\"><input type=\"text\" name=\"DIC\" value=\"\" size=\"20\" class=\"wpcf7-form-control wpcf7-text\" id=\"t30\" aria-invalid=\"false\" \/><\/span>\n<\/p>\n<p>Adresa:<br \/>\n<span class=\"wpcf7-form-control-wrap Adresa\"><textarea name=\"Adresa\" cols=\"60\" rows=\"3\" class=\"wpcf7-form-control wpcf7-textarea wpcf7-validates-as-required\" aria-required=\"true\" aria-invalid=\"false\"><\/textarea><\/span>\n<\/p>\n<p>Faktura\u010dn\u00ed adresa: (pokud se li\u0161\u00ed)<br \/>\n<span class=\"wpcf7-form-control-wrap FakturacniAdresa\"><textarea name=\"FakturacniAdresa\" cols=\"60\" rows=\"3\" class=\"wpcf7-form-control wpcf7-textarea\" aria-invalid=\"false\"><\/textarea><\/span>\n<\/p>\n<p><span class=\"tabulka\">Telefon:<\/span><span class=\"wpcf7-form-control-wrap Telefon\"><input type=\"text\" name=\"Telefon\" value=\"\" size=\"20\" class=\"wpcf7-form-control wpcf7-text\" id=\"t30\" aria-invalid=\"false\" \/><\/span>\n<\/p>\n<p><span class=\"tabulka\">E-mail:<\/span><span class=\"wpcf7-form-control-wrap FirmaEmail\"><input type=\"text\" name=\"FirmaEmail\" value=\"\" size=\"20\" class=\"wpcf7-form-control wpcf7-text wpcf7-validates-as-required\" id=\"t30\" aria-required=\"true\" aria-invalid=\"false\" \/><\/span><\/p>\n<p><span class=\"tabulka\">WWW\thttp(s):\/\/<\/span><span class=\"wpcf7-form-control-wrap Www\"><input type=\"text\" name=\"Www\" value=\"\" size=\"20\" class=\"wpcf7-form-control wpcf7-text\" id=\"t30\" aria-invalid=\"false\" \/><\/span><\/p>\n<p>Charakteristika (maxim\u00e1ln\u011b 150 znak\u016f v\u010detn\u011b mezer):<br \/>\n\u010desky (naps\u00e1no <span class=\"wpcf7-character-count up\" data-target-name=\"CharakteristikaCesky\" data-starting-value=\"0\" data-current-value=\"0\" data-maximum-value=\"150\">0<\/span> znak\u016f)<br \/>\n<span class=\"wpcf7-form-control-wrap CharakteristikaCesky\"><textarea name=\"CharakteristikaCesky\" cols=\"60\" rows=\"3\" maxlength=\"150\" class=\"wpcf7-form-control wpcf7-textarea\" aria-invalid=\"false\"><\/textarea><\/span>\n<\/p>\n<p>anglicky (naps\u00e1no <span class=\"wpcf7-character-count up\" data-target-name=\"CharakteristikaAnglicky\" data-starting-value=\"0\" data-current-value=\"0\" data-maximum-value=\"150\">0<\/span> znak\u016f)<br \/>\n<span class=\"wpcf7-form-control-wrap CharakteristikaAnglicky\"><textarea name=\"CharakteristikaAnglicky\" cols=\"60\" rows=\"3\" maxlength=\"150\" class=\"wpcf7-form-control wpcf7-textarea\" aria-invalid=\"false\"><\/textarea><\/span>\n<\/p>\n<p>Ru\u010d\u00edm za spr\u00e1vnost uveden\u00fdch \u00fadaj\u016f a souhlas\u00edm s t\u00edm, aby byly zve\u0159ejn\u011bny v ti\u0161t\u011bn\u00e9m katalogu a na virtu\u00e1ln\u00edm veletrhu. P\u0159ihl\u00e1\u0161ka je potvrzena zaplacen\u00edm faktury. Uz\u00e1v\u011brka doprovodn\u00e9ho programu je 31. kv\u011btna 2026, uz\u00e1v\u011brka p\u0159ihl\u00e1\u0161ek 15. srpna 2026.<\/p>\n<p align=\"center\"><input type=\"submit\" value=\"Odeslat p\u0159ihl\u00e1\u0161ku\" class=\"wpcf7-form-control wpcf7-submit\" \/><\/p>\n<div class=\"wpcf7-response-output wpcf7-display-none\"><\/div><\/form><\/div>\n","protected":false},"excerpt":{"rendered":"<p>P\u0159ihla\u0161uji se jako vystavovatel na 36. Podzimn\u00ed kni\u017en\u00ed veletrh, konan\u00fd v Havl\u00ed\u010dkov\u011b Brod\u011b 16. a 17. \u0159\u00edjna 2026, a objedn\u00e1v\u00e1m z\u00e1vazn\u011b:<\/p>\n","protected":false},"author":3,"featured_media":0,"parent":38,"menu_order":1,"comment_status":"closed","ping_status":"closed","template":"","meta":[],"_links":{"self":[{"href":"http:\/\/www.hejkal.cz\/veletrh\/wp-json\/wp\/v2\/pages\/2125"}],"collection":[{"href":"http:\/\/www.hejkal.cz\/veletrh\/wp-json\/wp\/v2\/pages"}],"about":[{"href":"http:\/\/www.hejkal.cz\/veletrh\/wp-json\/wp\/v2\/types\/page"}],"author":[{"embeddable":true,"href":"http:\/\/www.hejkal.cz\/veletrh\/wp-json\/wp\/v2\/users\/3"}],"replies":[{"embeddable":true,"href":"http:\/\/www.hejkal.cz\/veletrh\/wp-json\/wp\/v2\/comments?post=2125"}],"version-history":[{"count":4,"href":"http:\/\/www.hejkal.cz\/veletrh\/wp-json\/wp\/v2\/pages\/2125\/revisions"}],"predecessor-version":[{"id":3059,"href":"http:\/\/www.hejkal.cz\/veletrh\/wp-json\/wp\/v2\/pages\/2125\/revisions\/3059"}],"up":[{"embeddable":true,"href":"http:\/\/www.hejkal.cz\/veletrh\/wp-json\/wp\/v2\/pages\/38"}],"wp:attachment":[{"href":"http:\/\/www.hejkal.cz\/veletrh\/wp-json\/wp\/v2\/media?parent=2125"}],"curies":[{"name":"wp","href":"https:\/\/api.w.org\/{rel}","templated":true}]}}