{"id":16,"date":"2016-02-03T21:08:45","date_gmt":"2016-02-03T20:08:45","guid":{"rendered":"https:\/\/hbveletrh.wordpress.com\/?page_id=16"},"modified":"2025-08-20T10:53:23","modified_gmt":"2025-08-20T08:53:23","slug":"partneri","status":"publish","type":"page","link":"http:\/\/www.hejkal.cz\/veletrh\/about\/partneri\/","title":{"rendered":"Partne\u0159i"},"content":{"rendered":"<ul>\n<li>Tisk\u00e1rny Havl\u00ed\u010dk\u016fv Brod, a.s., <a href=\"https:\/\/www.thb.cz\/\">https:\/\/www.thb.cz\/<\/a><\/li>\n<li>\u010cesk\u00fd rozhlas Vyso\u010dina, <a href=\"https:\/\/vysocina.rozhlas.cz\/\">https:\/\/vysocina.rozhlas.cz\/<\/a><\/li>\n<li>\u010cesk\u00fd rozhlas Plus,\u00a0<a href=\"https:\/\/plus.rozhlas.cz\/\">https:\/\/plus.rozhlas.cz\/<\/a><\/li>\n<li>Televize HBin, <a href=\"https:\/\/www.youtube.com\/channel\/UCAns_3zDs9i_nWDLwhP2VwA\">HBin<\/a><\/li>\n<li>Jihlavsk\u00e9 listy, <a href=\"http:\/\/www.jihlavske-listy.cz\/\">www.jihlavske-listy.cz<\/a><\/li>\n<li>Kni\u017en\u00ed novinky, <a href=\"http:\/\/www.sckn.cz\/\">www.sckn.cz<\/a><\/li>\n<li>Kraj Vyso\u010dina, <a href=\"http:\/\/m.kr-vysocina.cz\/intro.asp\">http:\/\/m.kr-vysocina.cz\/intro.asp<\/a><\/li>\n<li>Krajsk\u00e1 knihovna Vyso\u010diny, <a href=\"http:\/\/www.kkvysociny.cz\/\">http:\/\/www.kkvysociny.cz\/<\/a><\/li>\n<li>Galerie a muzeum Vyso\u010diny Havl\u00ed\u010dk\u016fv Brod,\u00a0<a href=\"https:\/\/gmvhb.cz\/\">https:\/\/gmvhb.cz\/<\/a><\/li>\n<li>M\u011bsto Havl\u00ed\u010dk\u016fv Brod, <a href=\"http:\/\/www.muhb.cz\/\">http:\/\/www.muhb.cz\/<\/a><\/li>\n<li>\u010cesk\u00e1 astronomick\u00e1 spole\u010dnost, <a href=\"http:\/\/www.astro.cz\/\">www.astro.cz<\/a><\/li>\n<li>M TOUR Havl\u00ed\u010dk\u016fv Brod, <a href=\"http:\/\/www.mtour.cz\/\">www.mtour.cz<\/a><\/li>\n<li>Nakladatelstv\u00ed Hejkal, <a href=\"http:\/\/www.hejkal.cz\/\">www.hejkal.cz<\/a><\/li>\n<li>Z\u00e1mek Kvasetice,\u00a0<a href=\"https:\/\/www.zamek-kvasetice.com\/\">https:\/\/www.zamek-kvasetice.com\/<\/a><\/li>\n<li>Letn\u00ed \u017eurnalistick\u00e1 \u0161kola Karla Havl\u00ed\u010dka Borovsk\u00e9ho, <a href=\"https:\/\/www.letnizurnalistickaskola.cz\/\">https:\/\/www.letnizurnalistickaskola.cz\/<\/a><\/li>\n<\/ul>\n","protected":false},"excerpt":{"rendered":"<p>Tisk\u00e1rny Havl\u00ed\u010dk\u016fv Brod, a.s., https:\/\/www.thb.cz\/ \u010cesk\u00fd rozhlas Vyso\u010dina, https:\/\/vysocina.rozhlas.cz\/ \u010cesk\u00fd rozhlas Plus,\u00a0https:\/\/plus.rozhlas.cz\/ Televize HBin, HBin Jihlavsk\u00e9 listy, www.jihlavske-listy.cz Kni\u017en\u00ed novinky, www.sckn.cz Kraj Vyso\u010dina, http:\/\/m.kr-vysocina.cz\/intro.asp Krajsk\u00e1 knihovna Vyso\u010diny, http:\/\/www.kkvysociny.cz\/ Galerie a muzeum Vyso\u010diny Havl\u00ed\u010dk\u016fv Brod,\u00a0https:\/\/gmvhb.cz\/ M\u011bsto Havl\u00ed\u010dk\u016fv Brod, http:\/\/www.muhb.cz\/ \u010cesk\u00e1 astronomick\u00e1 spole\u010dnost, www.astro.cz M TOUR Havl\u00ed\u010dk\u016fv Brod, www.mtour.cz Nakladatelstv\u00ed Hejkal, www.hejkal.cz Z\u00e1mek Kvasetice,\u00a0https:\/\/www.zamek-kvasetice.com\/ Letn\u00ed \u017eurnalistick\u00e1 \u0161kola &hellip; <a href=\"http:\/\/www.hejkal.cz\/veletrh\/about\/partneri\/\" class=\"more-link\">Pokra\u010dov\u00e1n\u00ed textu <span class=\"screen-reader-text\">Partne\u0159i<\/span><\/a><\/p>\n","protected":false},"author":3,"featured_media":0,"parent":5,"menu_order":0,"comment_status":"closed","ping_status":"closed","template":"","meta":[],"_links":{"self":[{"href":"http:\/\/www.hejkal.cz\/veletrh\/wp-json\/wp\/v2\/pages\/16"}],"collection":[{"href":"http:\/\/www.hejkal.cz\/veletrh\/wp-json\/wp\/v2\/pages"}],"about":[{"href":"http:\/\/www.hejkal.cz\/veletrh\/wp-json\/wp\/v2\/types\/page"}],"author":[{"embeddable":true,"href":"http:\/\/www.hejkal.cz\/veletrh\/wp-json\/wp\/v2\/users\/3"}],"replies":[{"embeddable":true,"href":"http:\/\/www.hejkal.cz\/veletrh\/wp-json\/wp\/v2\/comments?post=16"}],"version-history":[{"count":8,"href":"http:\/\/www.hejkal.cz\/veletrh\/wp-json\/wp\/v2\/pages\/16\/revisions"}],"predecessor-version":[{"id":2833,"href":"http:\/\/www.hejkal.cz\/veletrh\/wp-json\/wp\/v2\/pages\/16\/revisions\/2833"}],"up":[{"embeddable":true,"href":"http:\/\/www.hejkal.cz\/veletrh\/wp-json\/wp\/v2\/pages\/5"}],"wp:attachment":[{"href":"http:\/\/www.hejkal.cz\/veletrh\/wp-json\/wp\/v2\/media?parent=16"}],"curies":[{"name":"wp","href":"https:\/\/api.w.org\/{rel}","templated":true}]}}